{"id":1186,"date":"2022-09-09T23:07:47","date_gmt":"2022-09-09T21:07:47","guid":{"rendered":"http:\/\/lago-architekten.ch\/?page_id=1186"},"modified":"2022-09-09T23:07:47","modified_gmt":"2022-09-09T21:07:47","slug":"projekt-und-bauleitung","status":"publish","type":"page","link":"http:\/\/lago-architekten.ch\/en\/projekt-und-bauleitung\/","title":{"rendered":"Projekt- und Bauleitung"},"content":{"rendered":"<p>Mit klarer F\u00fchrung und intelligenter Baustelleneinrichtung den Kostenplan un das Terminprogramm erf\u00fcllen.<br><\/p>\n\n\n\n<p>Mit Empathie zu Technik und Menschen, kreative technische L\u00f6sungen erarbeiten und flexible Terminmodifikation besonnen umsetzen.<\/p>\n\n\n\n<figure class=\"wp-block-image size-large\"><img loading=\"lazy\" width=\"1024\" height=\"768\" src=\"http:\/\/lago-architekten.ch\/wp-content\/uploads\/2022\/08\/PHOTO-SWISSLANE-AUDI-fertig-01-1024x768.jpg\" alt=\"\" class=\"wp-image-1057\" srcset=\"http:\/\/lago-architekten.ch\/wp-content\/uploads\/2022\/08\/PHOTO-SWISSLANE-AUDI-fertig-01-1024x768.jpg 1024w, http:\/\/lago-architekten.ch\/wp-content\/uploads\/2022\/08\/PHOTO-SWISSLANE-AUDI-fertig-01-300x225.jpg 300w, http:\/\/lago-architekten.ch\/wp-content\/uploads\/2022\/08\/PHOTO-SWISSLANE-AUDI-fertig-01-768x576.jpg 768w, http:\/\/lago-architekten.ch\/wp-content\/uploads\/2022\/08\/PHOTO-SWISSLANE-AUDI-fertig-01-16x12.jpg 16w, http:\/\/lago-architekten.ch\/wp-content\/uploads\/2022\/08\/PHOTO-SWISSLANE-AUDI-fertig-01.jpg 1500w\" sizes=\"(max-width: 1024px) 100vw, 1024px\" \/><figcaption>Das AUDI-TERMINAL bei der AMAG-D\u00dcBENDORF  &#8211;   AUTOWELT Z\u00dcRICH<\/figcaption><\/figure>\n\n\n\n<figure class=\"wp-block-image size-large\"><img loading=\"lazy\" width=\"1024\" height=\"765\" src=\"http:\/\/lago-architekten.ch\/wp-content\/uploads\/2022\/04\/IMG_3557-1024x765.jpg\" alt=\"\" class=\"wp-image-255\" srcset=\"http:\/\/lago-architekten.ch\/wp-content\/uploads\/2022\/04\/IMG_3557-1024x765.jpg 1024w, http:\/\/lago-architekten.ch\/wp-content\/uploads\/2022\/04\/IMG_3557-300x224.jpg 300w, http:\/\/lago-architekten.ch\/wp-content\/uploads\/2022\/04\/IMG_3557-768x574.jpg 768w, http:\/\/lago-architekten.ch\/wp-content\/uploads\/2022\/04\/IMG_3557-1536x1147.jpg 1536w, http:\/\/lago-architekten.ch\/wp-content\/uploads\/2022\/04\/IMG_3557-2048x1530.jpg 2048w, http:\/\/lago-architekten.ch\/wp-content\/uploads\/2022\/04\/IMG_3557-16x12.jpg 16w\" sizes=\"(max-width: 1024px) 100vw, 1024px\" \/><figcaption>AUDI-TERMINAL  &#8211;  Decke mit 365 Punktleuchten und Strahlern eingebaut<\/figcaption><\/figure>\n\n\n\n<figure class=\"wp-block-image size-large\"><img loading=\"lazy\" width=\"1024\" height=\"768\" src=\"http:\/\/lago-architekten.ch\/wp-content\/uploads\/2022\/08\/PHOTO-SWISSLANE-RT-AMAG-AUDI-01-1024x768.jpg\" alt=\"\" class=\"wp-image-1058\" srcset=\"http:\/\/lago-architekten.ch\/wp-content\/uploads\/2022\/08\/PHOTO-SWISSLANE-RT-AMAG-AUDI-01-1024x768.jpg 1024w, http:\/\/lago-architekten.ch\/wp-content\/uploads\/2022\/08\/PHOTO-SWISSLANE-RT-AMAG-AUDI-01-300x225.jpg 300w, http:\/\/lago-architekten.ch\/wp-content\/uploads\/2022\/08\/PHOTO-SWISSLANE-RT-AMAG-AUDI-01-768x576.jpg 768w, http:\/\/lago-architekten.ch\/wp-content\/uploads\/2022\/08\/PHOTO-SWISSLANE-RT-AMAG-AUDI-01-16x12.jpg 16w, http:\/\/lago-architekten.ch\/wp-content\/uploads\/2022\/08\/PHOTO-SWISSLANE-RT-AMAG-AUDI-01.jpg 1500w\" sizes=\"(max-width: 1024px) 100vw, 1024px\" \/><figcaption>die \u00fcber zwei Stockwerke f\u00fchrende Rolltreppe aus Hamburg von der Fa. TK-FAHRTREPPEN GmbH<\/figcaption><\/figure>\n\n\n\n<p class=\"has-text-align-right has-small-font-size\"><a href=\"http:\/\/lago-architekten.ch\/en\/\" data-type=\"URL\" data-id=\"www.lago-architekten.ch\">zur Startseite<\/a><\/p>","protected":false},"excerpt":{"rendered":"<p>Mit klarer F\u00fchrung und intelligenter Baustelleneinrichtung den Kostenplan un das Terminprogramm erf\u00fcllen. Mit Empathie zu Technik und Menschen, kreative technische L\u00f6sungen erarbeiten und flexible Terminmodifikation besonnen umsetzen. zur Startseite<\/p>","protected":false},"author":2,"featured_media":0,"parent":0,"menu_order":0,"comment_status":"closed","ping_status":"closed","template":"","meta":[],"_links":{"self":[{"href":"http:\/\/lago-architekten.ch\/en\/wp-json\/wp\/v2\/pages\/1186"}],"collection":[{"href":"http:\/\/lago-architekten.ch\/en\/wp-json\/wp\/v2\/pages"}],"about":[{"href":"http:\/\/lago-architekten.ch\/en\/wp-json\/wp\/v2\/types\/page"}],"author":[{"embeddable":true,"href":"http:\/\/lago-architekten.ch\/en\/wp-json\/wp\/v2\/users\/2"}],"replies":[{"embeddable":true,"href":"http:\/\/lago-architekten.ch\/en\/wp-json\/wp\/v2\/comments?post=1186"}],"version-history":[{"count":1,"href":"http:\/\/lago-architekten.ch\/en\/wp-json\/wp\/v2\/pages\/1186\/revisions"}],"predecessor-version":[{"id":1187,"href":"http:\/\/lago-architekten.ch\/en\/wp-json\/wp\/v2\/pages\/1186\/revisions\/1187"}],"wp:attachment":[{"href":"http:\/\/lago-architekten.ch\/en\/wp-json\/wp\/v2\/media?parent=1186"}],"curies":[{"name":"wp","href":"https:\/\/api.w.org\/{rel}","templated":true}]}}