{"id":526,"date":"2022-08-11T18:28:50","date_gmt":"2022-08-11T16:28:50","guid":{"rendered":"http:\/\/lago-architekten.ch\/?page_id=526"},"modified":"2022-10-20T08:34:12","modified_gmt":"2022-10-20T06:34:12","slug":"e-mobile-charging","status":"publish","type":"page","link":"http:\/\/lago-architekten.ch\/en\/e-mobile-charging\/","title":{"rendered":"ALTERNATIVE  ENERGIEN"},"content":{"rendered":"<div class=\"wp-block-media-text alignwide is-stacked-on-mobile\" style=\"grid-template-columns:32% auto\"><figure class=\"wp-block-media-text__media\"><img loading=\"lazy\" width=\"512\" height=\"512\" src=\"http:\/\/lago-architekten.ch\/wp-content\/uploads\/2022\/04\/cropped-IMG_3809-gl2.jpg\" alt=\"\" class=\"wp-image-383 size-full\" srcset=\"http:\/\/lago-architekten.ch\/wp-content\/uploads\/2022\/04\/cropped-IMG_3809-gl2.jpg 512w, http:\/\/lago-architekten.ch\/wp-content\/uploads\/2022\/04\/cropped-IMG_3809-gl2-300x300.jpg 300w, http:\/\/lago-architekten.ch\/wp-content\/uploads\/2022\/04\/cropped-IMG_3809-gl2-150x150.jpg 150w, http:\/\/lago-architekten.ch\/wp-content\/uploads\/2022\/04\/cropped-IMG_3809-gl2-12x12.jpg 12w, http:\/\/lago-architekten.ch\/wp-content\/uploads\/2022\/04\/cropped-IMG_3809-gl2-100x100.jpg 100w, http:\/\/lago-architekten.ch\/wp-content\/uploads\/2022\/04\/cropped-IMG_3809-gl2-270x270.jpg 270w, http:\/\/lago-architekten.ch\/wp-content\/uploads\/2022\/04\/cropped-IMG_3809-gl2-192x192.jpg 192w, http:\/\/lago-architekten.ch\/wp-content\/uploads\/2022\/04\/cropped-IMG_3809-gl2-180x180.jpg 180w, http:\/\/lago-architekten.ch\/wp-content\/uploads\/2022\/04\/cropped-IMG_3809-gl2-32x32.jpg 32w\" sizes=\"(max-width: 512px) 100vw, 512px\" \/><\/figure><div class=\"wp-block-media-text__content\">\n<p class=\"has-text-align-left\" style=\"font-size:18px\">Photovoltaik, Wind- und Wasserkraft und viele weiteren kreativen Ideen, mit denen man Energie erzeugen kann.<br><br>Es gilt, den Energieverbrauch durch neue Technologien, aber auch durch mutige Ver\u00e4nderungen bei den eigenen Lebensgewohnheiten zu reduzieren.<em><br><\/em><br><\/p>\n<\/div><\/div>\n\n\n\n<p style=\"font-size:18px\">Besonders unangenehm wird es meistens bei ung\u00fcnstigen Wettersituationen. Wenn Regen, Schnee, Wind und Hitze die Tage und N\u00e4chte schier unertr\u00e4glich machen und man sich nur in gesch\u00fctzem R\u00e4umen aufhalten kann.<\/p>\n\n\n\n<p style=\"font-size:18px\">Deshalb planen die LAGO-ARCHITEKTEN an geeigneten &#8222;Reise-Konzepten&#8220;.<\/p>\n\n\n\n<hr class=\"wp-block-separator has-css-opacity is-style-wide\"\/>\n\n\n\n<p>eine Tatsache, die unumstritten ist<\/p>\n\n\n\n<div class=\"wp-container-2 wp-block-columns\">\n<div class=\"wp-container-1 wp-block-column\" style=\"flex-basis:100%\">\n<div class=\"wp-block-cover aligncenter\" style=\"min-height:99px\"><span aria-hidden=\"true\" class=\"wp-block-cover__background has-background-dim\"><\/span><img loading=\"lazy\" width=\"2560\" height=\"1440\" class=\"wp-block-cover__image-background wp-image-486\" alt=\"\" src=\"http:\/\/lago-architekten.ch\/wp-content\/uploads\/2022\/05\/IMG_7211-scaled.jpg\" data-object-fit=\"cover\" srcset=\"http:\/\/lago-architekten.ch\/wp-content\/uploads\/2022\/05\/IMG_7211-scaled.jpg 2560w, http:\/\/lago-architekten.ch\/wp-content\/uploads\/2022\/05\/IMG_7211-300x169.jpg 300w, http:\/\/lago-architekten.ch\/wp-content\/uploads\/2022\/05\/IMG_7211-1024x576.jpg 1024w, http:\/\/lago-architekten.ch\/wp-content\/uploads\/2022\/05\/IMG_7211-768x432.jpg 768w, http:\/\/lago-architekten.ch\/wp-content\/uploads\/2022\/05\/IMG_7211-1536x864.jpg 1536w, http:\/\/lago-architekten.ch\/wp-content\/uploads\/2022\/05\/IMG_7211-2048x1152.jpg 2048w, http:\/\/lago-architekten.ch\/wp-content\/uploads\/2022\/05\/IMG_7211-18x10.jpg 18w\" sizes=\"(max-width: 2560px) 100vw, 2560px\" \/><div class=\"wp-block-cover__inner-container\">\n<p class=\"has-text-align-center has-white-color has-text-color\" style=\"font-size:30px\">Die Natur nutzt SOLAR schon lange!<\/p>\n<\/div><\/div>\n<\/div>\n<\/div>\n\n\n\n<hr class=\"wp-block-separator has-text-color has-black-color has-css-opacity has-black-background-color has-background is-style-wide\"\/>","protected":false},"excerpt":{"rendered":"<p>Photovoltaik, Wind- und Wasserkraft und viele weiteren kreativen Ideen, mit denen man Energie erzeugen kann. Es gilt, den Energieverbrauch durch neue Technologien, aber auch durch mutige Ver\u00e4nderungen bei den eigenen Lebensgewohnheiten zu reduzieren. Besonders&#46;&#46;&#46;<\/p>","protected":false},"author":2,"featured_media":0,"parent":0,"menu_order":0,"comment_status":"closed","ping_status":"closed","template":"","meta":[],"_links":{"self":[{"href":"http:\/\/lago-architekten.ch\/en\/wp-json\/wp\/v2\/pages\/526"}],"collection":[{"href":"http:\/\/lago-architekten.ch\/en\/wp-json\/wp\/v2\/pages"}],"about":[{"href":"http:\/\/lago-architekten.ch\/en\/wp-json\/wp\/v2\/types\/page"}],"author":[{"embeddable":true,"href":"http:\/\/lago-architekten.ch\/en\/wp-json\/wp\/v2\/users\/2"}],"replies":[{"embeddable":true,"href":"http:\/\/lago-architekten.ch\/en\/wp-json\/wp\/v2\/comments?post=526"}],"version-history":[{"count":10,"href":"http:\/\/lago-architekten.ch\/en\/wp-json\/wp\/v2\/pages\/526\/revisions"}],"predecessor-version":[{"id":1333,"href":"http:\/\/lago-architekten.ch\/en\/wp-json\/wp\/v2\/pages\/526\/revisions\/1333"}],"wp:attachment":[{"href":"http:\/\/lago-architekten.ch\/en\/wp-json\/wp\/v2\/media?parent=526"}],"curies":[{"name":"wp","href":"https:\/\/api.w.org\/{rel}","templated":true}]}}