{"id":719,"date":"2022-07-25T21:54:44","date_gmt":"2022-07-25T19:54:44","guid":{"rendered":"http:\/\/lago-architekten.ch\/?page_id=719"},"modified":"2022-07-25T22:12:10","modified_gmt":"2022-07-25T20:12:10","slug":"upcycling-flyer-deutsch-englisch-franzoesisch","status":"publish","type":"page","link":"http:\/\/lago-architekten.ch\/en\/upcycling-flyer-deutsch-englisch-franzoesisch\/","title":{"rendered":"UPCYCLING-FLYER &#8211; deutsch-englisch-franz\u00f6sisch"},"content":{"rendered":"<div class=\"wp-block-file\"><object class=\"wp-block-file__embed\" data=\"http:\/\/lago-architekten.ch\/wp-content\/uploads\/2022\/07\/upcycling-flyer-025-german.pdf\" type=\"application\/pdf\" style=\"width:100%;height:600px\" aria-label=\"Einbettung von UPCYCLING-flyer-german.\"><\/object><a id=\"wp-block-file--media-0665fd5a-a356-451e-a0ed-34063789cc6b\" href=\"http:\/\/lago-architekten.ch\/wp-content\/uploads\/2022\/07\/upcycling-flyer-025-german.pdf\">UPCYCLING-flyer-german<\/a><a href=\"http:\/\/lago-architekten.ch\/wp-content\/uploads\/2022\/07\/upcycling-flyer-025-german.pdf\" class=\"wp-block-file__button\" download aria-describedby=\"wp-block-file--media-0665fd5a-a356-451e-a0ed-34063789cc6b\">Herunterladen<\/a><\/div>\n\n\n\n<div class=\"wp-block-file\"><object class=\"wp-block-file__embed\" data=\"http:\/\/lago-architekten.ch\/wp-content\/uploads\/2022\/07\/upcycling-flyer-025-english.pdf\" type=\"application\/pdf\" style=\"width:100%;height:600px\" aria-label=\"Einbettung von UPCYCLING-flyer-english.\"><\/object><a id=\"wp-block-file--media-6356d2fe-11fe-44cf-9e5b-dc26d3a7240e\" href=\"http:\/\/lago-architekten.ch\/wp-content\/uploads\/2022\/07\/upcycling-flyer-025-english.pdf\">UPCYCLING-flyer-english<\/a><a href=\"http:\/\/lago-architekten.ch\/wp-content\/uploads\/2022\/07\/upcycling-flyer-025-english.pdf\" class=\"wp-block-file__button\" download aria-describedby=\"wp-block-file--media-6356d2fe-11fe-44cf-9e5b-dc26d3a7240e\">Herunterladen<\/a><\/div>\n\n\n\n<div class=\"wp-block-file\"><object class=\"wp-block-file__embed\" data=\"http:\/\/lago-architekten.ch\/wp-content\/uploads\/2022\/07\/upcycling-flyer-025-francaise.pdf\" type=\"application\/pdf\" style=\"width:100%;height:600px\" aria-label=\"Einbettung von UPCYCLING-flyer-francaise.\"><\/object><a id=\"wp-block-file--media-fc6f41d8-622b-4af1-b284-f1b911631d44\" href=\"http:\/\/lago-architekten.ch\/wp-content\/uploads\/2022\/07\/upcycling-flyer-025-francaise.pdf\">UPCYCLING-flyer-francaise<\/a><a href=\"http:\/\/lago-architekten.ch\/wp-content\/uploads\/2022\/07\/upcycling-flyer-025-francaise.pdf\" class=\"wp-block-file__button\" download aria-describedby=\"wp-block-file--media-fc6f41d8-622b-4af1-b284-f1b911631d44\">Herunterladen<\/a><\/div>\n\n\n\n<p style=\"font-size:18px\"><br><a href=\"http:\/\/lago-architekten.ch\/en\/kontakt\/\">F\u00fcr Fragen stehe ich Ihnen gerne zur Verf\u00fcgung. Teilen Sie Ihr Anliegen mit mir per Email oder rufen Sie mich an.<\/a><\/p>\n\n\n\n<p class=\"has-text-align-right has-small-font-size\"><br><a href=\"http:\/\/lago-architekten.ch\/en\/\">zur\u00fcck zur Startseite<\/a><\/p>","protected":false},"excerpt":{"rendered":"<p>F\u00fcr Fragen stehe ich Ihnen gerne zur Verf\u00fcgung. Teilen Sie Ihr Anliegen mit mir per Email oder rufen Sie mich an. zur\u00fcck zur Startseite<\/p>","protected":false},"author":2,"featured_media":0,"parent":0,"menu_order":0,"comment_status":"closed","ping_status":"closed","template":"","meta":[],"_links":{"self":[{"href":"http:\/\/lago-architekten.ch\/en\/wp-json\/wp\/v2\/pages\/719"}],"collection":[{"href":"http:\/\/lago-architekten.ch\/en\/wp-json\/wp\/v2\/pages"}],"about":[{"href":"http:\/\/lago-architekten.ch\/en\/wp-json\/wp\/v2\/types\/page"}],"author":[{"embeddable":true,"href":"http:\/\/lago-architekten.ch\/en\/wp-json\/wp\/v2\/users\/2"}],"replies":[{"embeddable":true,"href":"http:\/\/lago-architekten.ch\/en\/wp-json\/wp\/v2\/comments?post=719"}],"version-history":[{"count":5,"href":"http:\/\/lago-architekten.ch\/en\/wp-json\/wp\/v2\/pages\/719\/revisions"}],"predecessor-version":[{"id":739,"href":"http:\/\/lago-architekten.ch\/en\/wp-json\/wp\/v2\/pages\/719\/revisions\/739"}],"wp:attachment":[{"href":"http:\/\/lago-architekten.ch\/en\/wp-json\/wp\/v2\/media?parent=719"}],"curies":[{"name":"wp","href":"https:\/\/api.w.org\/{rel}","templated":true}]}}