{"id":1093,"date":"2022-08-15T16:53:31","date_gmt":"2022-08-15T14:53:31","guid":{"rendered":"http:\/\/lago-architekten.ch\/?page_id=1093"},"modified":"2022-08-15T19:58:40","modified_gmt":"2022-08-15T17:58:40","slug":"qualitaet","status":"publish","type":"page","link":"https:\/\/lago-architekten.ch\/en\/qualitaet\/","title":{"rendered":"QUALIT\u00c4T"},"content":{"rendered":"<p><strong>Qualit\u00e4tsdokumentation und Qualit\u00e4tdmanagement<\/strong><br><br>Im Besonderen beim Ineinandergreifen der Arbeitsgattungen sind die Schnittstellen von besonderer Bedeutung. <br><br>Es gibt nicht nur Schnittstellen in der Reihenfolge der Ausf\u00fchrungsqualit\u00e4t, sondern genauso im Zeitmanagement. <br><br>DIe Fokusierung darauf geht mit dem erfolgreichen Zielmanagement Hand in Hand. P\u00fcnktlichkeit und Kostensicherheit ist f\u00fcr jedes Investment entscheidend.<br><br>Hier ein Qualit\u00e4tsprotokoll (folgt) &#8211; eingesetzt beim Umbau des ZKB-Hauptsitzes an der Bahnhofstrasse in Z\u00fcrich.<\/p>\n\n\n\n<figure class=\"wp-block-image size-large\"><img loading=\"lazy\" width=\"549\" height=\"1024\" src=\"http:\/\/lago-architekten.ch\/wp-content\/uploads\/2022\/08\/PQM-Version-BKP-112_xhn-LAGO_bearbeitet-1-549x1024.jpg\" alt=\"\" class=\"wp-image-1101\" srcset=\"https:\/\/lago-architekten.ch\/wp-content\/uploads\/2022\/08\/PQM-Version-BKP-112_xhn-LAGO_bearbeitet-1-549x1024.jpg 549w, https:\/\/lago-architekten.ch\/wp-content\/uploads\/2022\/08\/PQM-Version-BKP-112_xhn-LAGO_bearbeitet-1-161x300.jpg 161w, https:\/\/lago-architekten.ch\/wp-content\/uploads\/2022\/08\/PQM-Version-BKP-112_xhn-LAGO_bearbeitet-1-768x1433.jpg 768w, https:\/\/lago-architekten.ch\/wp-content\/uploads\/2022\/08\/PQM-Version-BKP-112_xhn-LAGO_bearbeitet-1-823x1536.jpg 823w, https:\/\/lago-architekten.ch\/wp-content\/uploads\/2022\/08\/PQM-Version-BKP-112_xhn-LAGO_bearbeitet-1-1097x2048.jpg 1097w, https:\/\/lago-architekten.ch\/wp-content\/uploads\/2022\/08\/PQM-Version-BKP-112_xhn-LAGO_bearbeitet-1-6x12.jpg 6w, https:\/\/lago-architekten.ch\/wp-content\/uploads\/2022\/08\/PQM-Version-BKP-112_xhn-LAGO_bearbeitet-1-scaled.jpg 1372w\" sizes=\"(max-width: 549px) 100vw, 549px\" \/><\/figure>\n\n\n\n<p class=\"has-text-align-right has-small-font-size\"><a href=\"https:\/\/lago-architekten.ch\/en\/\">zur Startseite<\/a><\/p>","protected":false},"excerpt":{"rendered":"<p>Qualit\u00e4tsdokumentation und Qualit\u00e4tdmanagement Im Besonderen beim Ineinandergreifen der Arbeitsgattungen sind die Schnittstellen von besonderer Bedeutung. Es gibt nicht nur Schnittstellen in der Reihenfolge der Ausf\u00fchrungsqualit\u00e4t, sondern genauso im Zeitmanagement. DIe Fokusierung darauf geht mit&#46;&#46;&#46;<\/p>","protected":false},"author":2,"featured_media":0,"parent":0,"menu_order":0,"comment_status":"closed","ping_status":"closed","template":"","meta":[],"_links":{"self":[{"href":"https:\/\/lago-architekten.ch\/en\/wp-json\/wp\/v2\/pages\/1093"}],"collection":[{"href":"https:\/\/lago-architekten.ch\/en\/wp-json\/wp\/v2\/pages"}],"about":[{"href":"https:\/\/lago-architekten.ch\/en\/wp-json\/wp\/v2\/types\/page"}],"author":[{"embeddable":true,"href":"https:\/\/lago-architekten.ch\/en\/wp-json\/wp\/v2\/users\/2"}],"replies":[{"embeddable":true,"href":"https:\/\/lago-architekten.ch\/en\/wp-json\/wp\/v2\/comments?post=1093"}],"version-history":[{"count":6,"href":"https:\/\/lago-architekten.ch\/en\/wp-json\/wp\/v2\/pages\/1093\/revisions"}],"predecessor-version":[{"id":1103,"href":"https:\/\/lago-architekten.ch\/en\/wp-json\/wp\/v2\/pages\/1093\/revisions\/1103"}],"wp:attachment":[{"href":"https:\/\/lago-architekten.ch\/en\/wp-json\/wp\/v2\/media?parent=1093"}],"curies":[{"name":"wp","href":"https:\/\/api.w.org\/{rel}","templated":true}]}}