{"id":1111,"date":"2022-09-01T10:05:28","date_gmt":"2022-09-01T08:05:28","guid":{"rendered":"http:\/\/lago-architekten.ch\/?page_id=1111"},"modified":"2023-05-25T08:43:14","modified_gmt":"2023-05-25T06:43:14","slug":"klimatisierung","status":"publish","type":"page","link":"https:\/\/lago-architekten.ch\/en\/klimatisierung\/","title":{"rendered":"KLIMATISIERUNG |  smart"},"content":{"rendered":"<p><strong>Wohlf\u00fchltemperaturen \u2013 vollautomatisch und energiesparend<\/strong><br><br><em><a href=\"http:\/\/www.hotelairco.ch\">Link zu HotelAirco<\/a><\/em><\/p>\n\n\n\n<figure class=\"wp-block-image size-large\"><a href=\"\/en\/www.hotelairco.ch\/\"><img loading=\"lazy\" width=\"1024\" height=\"299\" src=\"http:\/\/lago-architekten.ch\/wp-content\/uploads\/2022\/09\/hotelzimmer_KLIMA-1024x299.jpg\" alt=\"\" class=\"wp-image-1194\" srcset=\"https:\/\/lago-architekten.ch\/wp-content\/uploads\/2022\/09\/hotelzimmer_KLIMA-1024x299.jpg 1024w, https:\/\/lago-architekten.ch\/wp-content\/uploads\/2022\/09\/hotelzimmer_KLIMA-400x117.jpg 400w, https:\/\/lago-architekten.ch\/wp-content\/uploads\/2022\/09\/hotelzimmer_KLIMA-768x224.jpg 768w, https:\/\/lago-architekten.ch\/wp-content\/uploads\/2022\/09\/hotelzimmer_KLIMA-1536x449.jpg 1536w, https:\/\/lago-architekten.ch\/wp-content\/uploads\/2022\/09\/hotelzimmer_KLIMA-18x5.jpg 18w, https:\/\/lago-architekten.ch\/wp-content\/uploads\/2022\/09\/hotelzimmer_KLIMA.jpg 1762w\" sizes=\"(max-width: 1024px) 100vw, 1024px\" \/><\/a><\/figure>\n\n\n\n<p><strong>\u00dcBERBLICK<\/strong><\/p>\n\n\n\n<p><strong>Stromsparende Klimaanlage mit W\u00e4rmepumpen-Technik<\/strong><\/p>\n\n\n\n<ul><li>K\u00fchlleistung: 3500 \/ 12000 W-Btu\/h<\/li><li>Heizleistung: 2,36 KW<\/li><li>L\u00fcfter &#8211; Ventilatorbetrieb\/ Frischluft<\/li><li>Luftreiniger (UVC-Lampe)<\/li><li>Max. Raumgr\u00f6sse:&nbsp;60 m\u00b2(qm) \/ 150 m\u00b3(cbm)<\/li><\/ul>\n\n\n\n<p>In der Hotellerie ein brandaktuelles Thema. Kompaktger\u00e4t in verschiedenen Ausf\u00fchrungen.<\/p>\n\n\n\n<p><strong>BESCHREIBUNG<\/strong><\/p>\n\n\n\n<ul><li>Kompaktklimaanlage Effizientsklasse A+<\/li><li>Geh\u00e4use aus lackiertem Edelstahl<\/li><li><strong>zentrale Steuerung<\/strong> (z.B. bei Hotels an der Rezeption, Wlan)<br>es lassen sich bis zu 150 Ger\u00e4te einbinden<\/li><li><strong>Hotelbedienmodus<\/strong> auf den Zimmern (Touchdisplay, Remote)<\/li><\/ul>\n\n\n\n<p><strong>FUNKTION<\/strong><\/p>\n\n\n\n<p>Das Klimager\u00e4t <strong>ohne Aussenger\u00e4t<\/strong> k\u00fchlt und heizt mit einer Temperaturautomatik.<br>Ideal zum Nachr\u00fcsten f\u00fcr Hotelzimmer, B\u00fcrogeb\u00e4uden, Pflegeheimen. <\/p>\n\n\n\n<p><strong>LEISTUNGEN<\/strong><\/p>\n\n\n\n<ul><li><strong>K\u00fchlung<\/strong>\u00a0mit modernster Inverter-Technik (Energieeffizienzklasse A+)<\/li><li><strong>Heizbetrieb<\/strong>\u00a0mit stromsparender W\u00e4rmepumpentechnik (Energieeffizienzklasse A+)<\/li><li><strong>Ventilation<\/strong>\u00a0mit 3 Ventilationsstufen, Swing-Funktion<\/li><li><strong>Entfeuchtung<\/strong>\u00a0mit 26 l\/d Entfeuchtungsleistung<\/li><li><strong>Nachtfl\u00fcstermodus<\/strong> &#8211; 27dB<\/li><li><strong>UVC-Licht <\/strong>zur Luftreinhaltung zur effektiven Abt\u00f6tung von Viren, Bakterien und Schimmelpilzsporen. <br>im Hotelbereich mit Teppichb\u00f6den hilfreich f\u00fcr Alergiker<br><\/li><li>Festmontage ohne Aussenger\u00e4t, mit zwei Kernbohrungen, Elektroanschluss 220V erforderlich.<\/li><\/ul>\n\n\n\n<p>Anfragen und Bestellungen bitte <a href=\"mailto:info@lago-architekten.ch\">via Emai<\/a>l oder<a href=\"http:\/\/lago-architekten.ch\/en\/informationsformular\/\"> Info-Formular<\/a><br><br><a href=\"https:\/\/anson.ch\/de\/\">In Zusammenarbeit mit der ANSON AG<\/a><br>Unser Partner f\u00fcr L\u00fcftungs- und Klimatechnik mit mehr als<strong> <\/strong>50-j\u00e4hriger Erfahrung. <br>Kompetent, zuverl\u00e4ssig und leistungsstark.<\/p>\n\n\n\n<p class=\"has-text-align-right has-small-font-size\"><a href=\"https:\/\/lago-architekten.ch\/en\/\">zur Startseite<\/a><\/p>","protected":false},"excerpt":{"rendered":"<p>Wohlf\u00fchltemperaturen \u2013 vollautomatisch und energiesparend Link zu HotelAirco \u00dcBERBLICK Stromsparende Klimaanlage mit W\u00e4rmepumpen-Technik K\u00fchlleistung: 3500 \/ 12000 W-Btu\/h Heizleistung: 2,36 KW L\u00fcfter &#8211; Ventilatorbetrieb\/ Frischluft Luftreiniger (UVC-Lampe) Max. Raumgr\u00f6sse:&nbsp;60 m\u00b2(qm) \/ 150 m\u00b3(cbm) In&#46;&#46;&#46;<\/p>","protected":false},"author":2,"featured_media":0,"parent":0,"menu_order":0,"comment_status":"closed","ping_status":"closed","template":"","meta":[],"_links":{"self":[{"href":"https:\/\/lago-architekten.ch\/en\/wp-json\/wp\/v2\/pages\/1111"}],"collection":[{"href":"https:\/\/lago-architekten.ch\/en\/wp-json\/wp\/v2\/pages"}],"about":[{"href":"https:\/\/lago-architekten.ch\/en\/wp-json\/wp\/v2\/types\/page"}],"author":[{"embeddable":true,"href":"https:\/\/lago-architekten.ch\/en\/wp-json\/wp\/v2\/users\/2"}],"replies":[{"embeddable":true,"href":"https:\/\/lago-architekten.ch\/en\/wp-json\/wp\/v2\/comments?post=1111"}],"version-history":[{"count":44,"href":"https:\/\/lago-architekten.ch\/en\/wp-json\/wp\/v2\/pages\/1111\/revisions"}],"predecessor-version":[{"id":1406,"href":"https:\/\/lago-architekten.ch\/en\/wp-json\/wp\/v2\/pages\/1111\/revisions\/1406"}],"wp:attachment":[{"href":"https:\/\/lago-architekten.ch\/en\/wp-json\/wp\/v2\/media?parent=1111"}],"curies":[{"name":"wp","href":"https:\/\/api.w.org\/{rel}","templated":true}]}}