{"id":172,"date":"2022-04-11T21:34:14","date_gmt":"2022-04-11T19:34:14","guid":{"rendered":"http:\/\/go.lago-architekten.ch\/?page_id=172"},"modified":"2022-10-22T15:29:01","modified_gmt":"2022-10-22T13:29:01","slug":"referenzen","status":"publish","type":"page","link":"https:\/\/lago-architekten.ch\/en\/referenzen\/","title":{"rendered":"REFERENZEN"},"content":{"rendered":"<h2 style=\"font-size:18px\">Hier eine Auswahl meiner T\u00e4tigkeit<\/h2>\n\n\n\n<ul style=\"font-size:16px\"><li>GST\u00dcHL-CENTER, BADEN, Projektleitung<\/li><li>AMAG, AUTOWELT Z\u00dcRICH, stellv. Projektleitung<\/li><li>MIGROS MUSEUM,Z\u00dcRICH, Bauleitung<\/li><li>Z\u00dcRCHER KANTONALBANK, Lt. Qualit\u00e4tsmanagement<\/li><li>VITZNAU, Vierwaldst\u00e4ter-See, Umbau &#8211; Kalkulation<\/li><li>HOTEL LA CAMPAGNOLA, Tessin, Renovation<\/li><\/ul>\n\n\n\n<figure class=\"wp-container-2 wp-block-gallery-1 wp-block-gallery has-nested-images columns-default is-cropped\">\n<figure class=\"wp-block-image size-full\"><a href=\"http:\/\/go.lago-architekten.ch\/amag-duebendorf\/\"><img loading=\"lazy\" width=\"640\" height=\"374\" data-id=\"192\"  src=\"http:\/\/go.lago-architekten.ch\/wp-content\/uploads\/2022\/04\/AMAG-Duebendorf-Front-01-1.png\" alt=\"\" class=\"wp-image-192\" srcset=\"https:\/\/lago-architekten.ch\/wp-content\/uploads\/2022\/04\/AMAG-Duebendorf-Front-01-1.png 640w, https:\/\/lago-architekten.ch\/wp-content\/uploads\/2022\/04\/AMAG-Duebendorf-Front-01-1-300x175.png 300w, https:\/\/lago-architekten.ch\/wp-content\/uploads\/2022\/04\/AMAG-Duebendorf-Front-01-1-18x12.png 18w\" sizes=\"(max-width: 640px) 100vw, 640px\" \/><\/a><figcaption><sub><strong>AMAG  D\u00dcBENDORF<\/strong><\/sub><\/figcaption><\/figure>\n\n\n\n<figure class=\"wp-block-image size-full\"><a href=\"http:\/\/lago-architekten.ch\/en\/?page_id=443\"><img loading=\"lazy\" width=\"691\" height=\"460\" data-id=\"446\"  src=\"http:\/\/lago-architekten.ch\/wp-content\/uploads\/2022\/04\/LC-DR01.jpg\" alt=\"\" class=\"wp-image-446\" srcset=\"https:\/\/lago-architekten.ch\/wp-content\/uploads\/2022\/04\/LC-DR01.jpg 691w, https:\/\/lago-architekten.ch\/wp-content\/uploads\/2022\/04\/LC-DR01-300x200.jpg 300w, https:\/\/lago-architekten.ch\/wp-content\/uploads\/2022\/04\/LC-DR01-18x12.jpg 18w\" sizes=\"(max-width: 691px) 100vw, 691px\" \/><\/a><figcaption><sub><strong>HOTEL LA CAMPAGNOLA<\/strong><\/sub><\/figcaption><\/figure>\n\n\n\n<figure class=\"wp-block-image size-full\"><a href=\"https:\/\/www.fischer-architekten.ch\/de\/projekte\/zkb-hauptsitz-zuerich\"><img loading=\"lazy\" width=\"768\" height=\"432\" data-id=\"198\"  src=\"http:\/\/go.lago-architekten.ch\/wp-content\/uploads\/2022\/04\/JD-Lanz.Design-8-min-768x432-1.jpg\" alt=\"\" class=\"wp-image-198\" srcset=\"https:\/\/lago-architekten.ch\/wp-content\/uploads\/2022\/04\/JD-Lanz.Design-8-min-768x432-1.jpg 768w, https:\/\/lago-architekten.ch\/wp-content\/uploads\/2022\/04\/JD-Lanz.Design-8-min-768x432-1-300x169.jpg 300w, https:\/\/lago-architekten.ch\/wp-content\/uploads\/2022\/04\/JD-Lanz.Design-8-min-768x432-1-18x10.jpg 18w\" sizes=\"(max-width: 768px) 100vw, 768px\" \/><\/a><figcaption><sub><strong>Z\u00dcRCHER  KANTONALBANK<\/strong><\/sub><\/figcaption><\/figure>\n\n\n\n<figure class=\"wp-block-image size-large\"><a href=\"http:\/\/www.jd-lanz.design\"><img loading=\"lazy\" width=\"1024\" height=\"768\" data-id=\"204\"  src=\"http:\/\/go.lago-architekten.ch\/wp-content\/uploads\/2022\/04\/IMG_4545-1024x768.jpg\" alt=\"Hotel-Ausstattung\" class=\"wp-image-204\" srcset=\"https:\/\/lago-architekten.ch\/wp-content\/uploads\/2022\/04\/IMG_4545-1024x768.jpg 1024w, https:\/\/lago-architekten.ch\/wp-content\/uploads\/2022\/04\/IMG_4545-300x225.jpg 300w, https:\/\/lago-architekten.ch\/wp-content\/uploads\/2022\/04\/IMG_4545-768x576.jpg 768w, https:\/\/lago-architekten.ch\/wp-content\/uploads\/2022\/04\/IMG_4545-1536x1152.jpg 1536w, https:\/\/lago-architekten.ch\/wp-content\/uploads\/2022\/04\/IMG_4545-2048x1536.jpg 2048w, https:\/\/lago-architekten.ch\/wp-content\/uploads\/2022\/04\/IMG_4545-16x12.jpg 16w\" sizes=\"(max-width: 1024px) 100vw, 1024px\" \/><\/a><figcaption><strong>M\u00d6BEL-DESIGN<\/strong><\/figcaption><\/figure>\n\n\n\n<figure class=\"wp-block-image size-full\"><a href=\"https:\/\/lago-architekten.ch\/en\/upcycling\/\"><img loading=\"lazy\" width=\"600\" height=\"338\" data-id=\"579\"  src=\"http:\/\/lago-architekten.ch\/wp-content\/uploads\/2022\/07\/IMG_6144-klST.jpg\" alt=\"\" class=\"wp-image-579\" srcset=\"https:\/\/lago-architekten.ch\/wp-content\/uploads\/2022\/07\/IMG_6144-klST.jpg 600w, https:\/\/lago-architekten.ch\/wp-content\/uploads\/2022\/07\/IMG_6144-klST-300x169.jpg 300w, https:\/\/lago-architekten.ch\/wp-content\/uploads\/2022\/07\/IMG_6144-klST-18x10.jpg 18w\" sizes=\"(max-width: 600px) 100vw, 600px\" \/><\/a><figcaption><strong>Hotelzimmer<\/strong><br>UPCYCLING<\/figcaption><\/figure>\n\n\n\n<figure class=\"wp-block-image size-large\"><a href=\"https:\/\/www.gst\u00fchl-center.ch\"><img loading=\"lazy\" width=\"600\" height=\"294\" data-id=\"949\"  src=\"http:\/\/lago-architekten.ch\/wp-content\/uploads\/2022\/08\/GC-BAD_2.jpg\" alt=\"\" class=\"wp-image-949\" srcset=\"https:\/\/lago-architekten.ch\/wp-content\/uploads\/2022\/08\/GC-BAD_2.jpg 600w, https:\/\/lago-architekten.ch\/wp-content\/uploads\/2022\/08\/GC-BAD_2-300x147.jpg 300w, https:\/\/lago-architekten.ch\/wp-content\/uploads\/2022\/08\/GC-BAD_2-18x9.jpg 18w\" sizes=\"(max-width: 600px) 100vw, 600px\" \/><\/a><figcaption>GEST\u00dcHLCENTER<\/figcaption><\/figure>\n<\/figure>\n\n\n\n<p class=\"has-text-align-right has-small-font-size\"><br><a href=\"http:\/\/lago-architekten.ch\/en\/\">zur\u00fcck zur Startseite<\/a><\/p>","protected":false},"excerpt":{"rendered":"<p>Hier eine Auswahl meiner T\u00e4tigkeit GST\u00dcHL-CENTER, BADEN, Projektleitung AMAG, AUTOWELT Z\u00dcRICH, stellv. Projektleitung MIGROS MUSEUM,Z\u00dcRICH, Bauleitung Z\u00dcRCHER KANTONALBANK, Lt. Qualit\u00e4tsmanagement VITZNAU, Vierwaldst\u00e4ter-See, Umbau &#8211; Kalkulation HOTEL LA CAMPAGNOLA, Tessin, Renovation zur\u00fcck zur Startseite<\/p>","protected":false},"author":2,"featured_media":0,"parent":0,"menu_order":0,"comment_status":"closed","ping_status":"closed","template":"","meta":[],"_links":{"self":[{"href":"https:\/\/lago-architekten.ch\/en\/wp-json\/wp\/v2\/pages\/172"}],"collection":[{"href":"https:\/\/lago-architekten.ch\/en\/wp-json\/wp\/v2\/pages"}],"about":[{"href":"https:\/\/lago-architekten.ch\/en\/wp-json\/wp\/v2\/types\/page"}],"author":[{"embeddable":true,"href":"https:\/\/lago-architekten.ch\/en\/wp-json\/wp\/v2\/users\/2"}],"replies":[{"embeddable":true,"href":"https:\/\/lago-architekten.ch\/en\/wp-json\/wp\/v2\/comments?post=172"}],"version-history":[{"count":56,"href":"https:\/\/lago-architekten.ch\/en\/wp-json\/wp\/v2\/pages\/172\/revisions"}],"predecessor-version":[{"id":1353,"href":"https:\/\/lago-architekten.ch\/en\/wp-json\/wp\/v2\/pages\/172\/revisions\/1353"}],"wp:attachment":[{"href":"https:\/\/lago-architekten.ch\/en\/wp-json\/wp\/v2\/media?parent=172"}],"curies":[{"name":"wp","href":"https:\/\/api.w.org\/{rel}","templated":true}]}}