{"id":375,"date":"2022-04-16T21:49:59","date_gmt":"2022-04-16T19:49:59","guid":{"rendered":"http:\/\/lago-architekten.ch\/?page_id=375"},"modified":"2026-02-25T23:13:40","modified_gmt":"2026-02-25T22:13:40","slug":"meine-dienstleistung","status":"publish","type":"page","link":"https:\/\/lago-architekten.ch\/en\/","title":{"rendered":"LAGO SOLAR *"},"content":{"rendered":"<p>auch wenn Sie schon eine Solar-Anlage haben, helfen wir Ihnen z.B. nachtr\u00e4glich einen Batterie-Speicher zu integrieren. <br><\/p>\n\n\n\n<div class=\"wp-container-1 wp-block-group\"><div class=\"wp-block-group__inner-container\"><\/div><\/div>\n\n\n\n<p><a href=\"https:\/\/lago-architekten.ch\/en\/solar-energie\/\"><strong>hier geht es zu d<\/strong><\/a><strong><a href=\"http:\/\/www.lago-solar.ch\">e<\/a><\/strong><a href=\"https:\/\/lago-architekten.ch\/en\/solar-energie\/\"><strong>r LAGO SOLAR<\/strong><\/a><\/p>\n\n\n\n<hr class=\"wp-block-separator has-alpha-channel-opacity\"\/>\n\n\n\n<p><strong>Ganzheitliche Beratungs- und L\u00f6sungskompetenz<\/strong><\/p>\n\n\n\n<p style=\"font-size:16px\">Die LAGO ARCHITEKTEN sind seit \u00fcber 35 Jahren kompetente Dienstleister f\u00fcr Wohn- und Gewerbeimmobilien. Nachhaltigkeit bedeutet f\u00fcr uns bewusst und verantwortlich mit allen Ressourcen umzugehen. <a href=\"http:\/\/lago-architekten.ch\/en\/solar-energie\/\">Dazu geh\u00f6rt kompetentes <\/a><a href=\"http:\/\/lago-architekten.ch\/en\/solar-energie\/\">Beraten, <\/a><a href=\"http:\/\/lago-architekten.ch\/en\/solar-energie\/\">Planen und die Ausf\u00fchrung von SOLAR-Anlagen.<\/a><\/p>\n\n\n\n<figure class=\"wp-block-image size-large\"><img loading=\"lazy\" width=\"1024\" height=\"194\" src=\"http:\/\/lago-architekten.ch\/wp-content\/uploads\/2022\/07\/cropped-JD-Lanz.Design-95-min-768x432-1-1024x194.jpg\" alt=\"\" class=\"wp-image-1163\" srcset=\"https:\/\/lago-architekten.ch\/wp-content\/uploads\/2022\/07\/cropped-JD-Lanz.Design-95-min-768x432-1-1024x194.jpg 1024w, https:\/\/lago-architekten.ch\/wp-content\/uploads\/2022\/07\/cropped-JD-Lanz.Design-95-min-768x432-1-400x76.jpg 400w, https:\/\/lago-architekten.ch\/wp-content\/uploads\/2022\/07\/cropped-JD-Lanz.Design-95-min-768x432-1-768x146.jpg 768w, https:\/\/lago-architekten.ch\/wp-content\/uploads\/2022\/07\/cropped-JD-Lanz.Design-95-min-768x432-1-18x3.jpg 18w, https:\/\/lago-architekten.ch\/wp-content\/uploads\/2022\/07\/cropped-JD-Lanz.Design-95-min-768x432-1.jpg 1260w\" sizes=\"(max-width: 1024px) 100vw, 1024px\" \/><\/figure>\n\n\n\n<p>ARCHITEKTUR &#8211; <strong>Leistungen<\/strong><\/p>\n\n\n\n<ul style=\"font-size:16px\"><li><a href=\"http:\/\/lago-architekten.ch\/en\/entwurf-planung\/\">Entwurfs- und Ausf\u00fchrungsplanung<\/a><\/li><li><a href=\"http:\/\/lago-architekten.ch\/en\/projekt-und-bauleitung\/\">Projekt- und Bauleitung<\/a><\/li><li>Bauherrenvertretung, ganz gleich in welchem Stadium sich Ihr Projekt befindet<\/li><li><a href=\"http:\/\/lago-architekten.ch\/en\/solar-energie\/\">Photovoltaik-Anlagen &#8211; Beratung, Planung und Ausf\u00fchrung<\/a><\/li><li><a href=\"http:\/\/lago-architekten.ch\/en\/qualitaet\/\">Qualit\u00e4tsdokumentation und Qualit\u00e4tsmanagement<\/a><\/li><li><a href=\"http:\/\/lago-architekten.ch\/en\/aufmass\/\">Aufmass-3D-Scanning und Realit\u00e4tserfassung<\/a><\/li><li><a href=\"http:\/\/lago-architekten.ch\/en\/all-in-one\/\">Renovation und Sanierung &#8211; aus einer Hand | Interior Design | Innenarchitektur<\/a><\/li><li>Belange zur Denkmalpflege | Ausstattung <\/li><\/ul>\n\n\n\n<hr class=\"wp-block-separator has-alpha-channel-opacity\"\/>\n\n\n\n<p style=\"font-size:18px\"><strong>Vorgehensweise beim Start zur Zusammenarbeit<\/strong><\/p>\n\n\n\n<ul style=\"font-size:16px\"><li>Aufnahme der relevanten Fakten (Funktion und Ausmasse)<\/li><li>erste Grob-Kalkulation<\/li><li>Entwurfs-Planung<\/li><li>Ausschreibung der Bauleistungen<\/li><li>finaler Kostenplan<\/li><li>Auswahl der am Bau beteiligten Unternehmen<\/li><li>Energiemanagement<\/li><li>360\u00b0 Dokumentationen <\/li><\/ul>\n\n\n\n<p style=\"font-size:18px\"><strong>Zusatzleistungen<\/strong><\/p>\n\n\n\n<ul style=\"font-size:16px\"><li>Qualit\u00e4tsmanagement (inkl. Dokumentation, Checklisten)<\/li><li>Qualit\u00e4tssicherung <\/li><li>Gutachten (Verkehrswert f\u00fcr Gewerbe\/ Immobilienbewertung)<\/li><li>Schadensbeurteilung &#8211; Wasser-\/ Brandsch\u00e4den<\/li><li>Beraten, Planen des Geb\u00e4udeenergie-Managements<\/li><\/ul>\n\n\n\n<p style=\"font-size:16px\">Kontakt: <a href=\"http:\/\/lago-architekten.ch\/en\/informationsformular\/\">Informations-Formular<\/a><\/p>","protected":false},"excerpt":{"rendered":"<p>auch wenn Sie schon eine Solar-Anlage haben, helfen wir Ihnen z.B. nachtr\u00e4glich einen Batterie-Speicher zu integrieren. hier geht es zu der LAGO SOLAR Ganzheitliche Beratungs- und L\u00f6sungskompetenz Die LAGO ARCHITEKTEN sind seit \u00fcber 35&#46;&#46;&#46;<\/p>","protected":false},"author":2,"featured_media":0,"parent":0,"menu_order":0,"comment_status":"closed","ping_status":"closed","template":"","meta":[],"_links":{"self":[{"href":"https:\/\/lago-architekten.ch\/en\/wp-json\/wp\/v2\/pages\/375"}],"collection":[{"href":"https:\/\/lago-architekten.ch\/en\/wp-json\/wp\/v2\/pages"}],"about":[{"href":"https:\/\/lago-architekten.ch\/en\/wp-json\/wp\/v2\/types\/page"}],"author":[{"embeddable":true,"href":"https:\/\/lago-architekten.ch\/en\/wp-json\/wp\/v2\/users\/2"}],"replies":[{"embeddable":true,"href":"https:\/\/lago-architekten.ch\/en\/wp-json\/wp\/v2\/comments?post=375"}],"version-history":[{"count":153,"href":"https:\/\/lago-architekten.ch\/en\/wp-json\/wp\/v2\/pages\/375\/revisions"}],"predecessor-version":[{"id":1528,"href":"https:\/\/lago-architekten.ch\/en\/wp-json\/wp\/v2\/pages\/375\/revisions\/1528"}],"wp:attachment":[{"href":"https:\/\/lago-architekten.ch\/en\/wp-json\/wp\/v2\/media?parent=375"}],"curies":[{"name":"wp","href":"https:\/\/api.w.org\/{rel}","templated":true}]}}