{"id":443,"date":"2022-04-29T21:33:08","date_gmt":"2022-04-29T19:33:08","guid":{"rendered":"http:\/\/lago-architekten.ch\/?page_id=443"},"modified":"2022-09-03T09:21:26","modified_gmt":"2022-09-03T07:21:26","slug":"la-campagnola-s","status":"publish","type":"page","link":"https:\/\/lago-architekten.ch\/en\/la-campagnola-s\/","title":{"rendered":"LA CAMPAGNOLA ***S"},"content":{"rendered":"<p>(REFERENZ)<\/p>\n\n\n\n<p><a href=\"https:\/\/www.campagnola.ch\">Hotel-Renovation &#8211; Beratung\/ Design\/ Umsetzung<\/a><\/p>\n\n\n\n<figure class=\"wp-block-image size-full is-resized\"><a href=\"https:\/\/www.campagnola.ch\"><img loading=\"lazy\" src=\"http:\/\/lago-architekten.ch\/wp-content\/uploads\/2022\/04\/LC-DR01.jpg\" alt=\"\" class=\"wp-image-446\" width=\"429\" height=\"286\" srcset=\"https:\/\/lago-architekten.ch\/wp-content\/uploads\/2022\/04\/LC-DR01.jpg 691w, https:\/\/lago-architekten.ch\/wp-content\/uploads\/2022\/04\/LC-DR01-300x200.jpg 300w, https:\/\/lago-architekten.ch\/wp-content\/uploads\/2022\/04\/LC-DR01-18x12.jpg 18w\" sizes=\"(max-width: 429px) 100vw, 429px\" \/><\/a><figcaption>Interiror-Design &#8211; M\u00f6bel &#8211; Gardinen &#8211; Raumgestaltung<br><a href=\"http:\/\/www.jd-lanz.design\">JD-lanz.design<\/a><\/figcaption><\/figure>\n\n\n\n<figure class=\"wp-block-image size-large is-resized\"><a href=\"http:\/\/www.jd-lanz.design\"><img loading=\"lazy\" src=\"http:\/\/lago-architekten.ch\/wp-content\/uploads\/2022\/04\/IMG_0145-1024x768.jpg\" alt=\"\" class=\"wp-image-274\" width=\"431\" height=\"324\" srcset=\"https:\/\/lago-architekten.ch\/wp-content\/uploads\/2022\/04\/IMG_0145-1024x768.jpg 1024w, https:\/\/lago-architekten.ch\/wp-content\/uploads\/2022\/04\/IMG_0145-300x225.jpg 300w, https:\/\/lago-architekten.ch\/wp-content\/uploads\/2022\/04\/IMG_0145-768x576.jpg 768w, https:\/\/lago-architekten.ch\/wp-content\/uploads\/2022\/04\/IMG_0145-1536x1152.jpg 1536w, https:\/\/lago-architekten.ch\/wp-content\/uploads\/2022\/04\/IMG_0145-2048x1536.jpg 2048w, https:\/\/lago-architekten.ch\/wp-content\/uploads\/2022\/04\/IMG_0145-16x12.jpg 16w\" sizes=\"(max-width: 431px) 100vw, 431px\" \/><\/a><figcaption>Interiror-Design &#8211; M\u00f6bel &#8211; Gardinen &#8211; Raumgestaltung<br><a href=\"http:\/\/www.jd-lanz.design\">JD-lanz.design<\/a>  &amp;  <a href=\"http:\/\/www.sidd.ch\">SIDD.ch<\/a><\/figcaption><\/figure>\n\n\n\n<p class=\"has-background\" style=\"background-color:#f1f1f1\">Das  erfolgreich gef\u00fchrte <strong>SWISS FAMILY HOTEL &#8211;&nbsp; LA CAMPAGNOLA<\/strong> ***S\u2013 f\u00fchrt <br><strong>Nicole und Stefano Zoppe<\/strong>. Als Familie sind Ihre beiden Kinder, <strong>Gina und Samuele<\/strong>, immer mit dabei. Herzlichkeit und pers\u00f6nlicher Service, verbunden mit Qualit\u00e4t und Professionalit\u00e4t sind das besondere Markenzeichen f\u00fcr ihre <strong>grossartige Gastfreundschaft<\/strong>.<br><br>Lange reifte der Entschluss zur kompletten Renovieren der Hotelzimmer und schlussendlich auch zur Erweiterung der B\u00e4der.<br>Mit dem <strong>Ehepaar Lanz<\/strong> konnten Sie einen erfolgreichen Architekten und eine passionierte Designerin gewinnen, die Planung und Ausf\u00fchrung, Design und Dekoration erfolgreich umsetzen konnten.<br><br>Gestartet wurde im Jahr 2017 mit der Kalkulation. Ende Jahr 2018 wurden die ersten Zimmer ger\u00e4umt und mit dem Umbau begonnen. Zum Saisonstart im M\u00e4rz 2019 konnten alle reservierten Zimmer p\u00fcnktlich den G\u00e4sten pr\u00e4sentiert werden.<\/p>\n\n\n\n<figure class=\"wp-block-image size-full\"><img loading=\"lazy\" width=\"567\" height=\"380\" src=\"http:\/\/lago-architekten.ch\/wp-content\/uploads\/2022\/04\/FAMZoppe.jpg\" alt=\"\" class=\"wp-image-445\" srcset=\"https:\/\/lago-architekten.ch\/wp-content\/uploads\/2022\/04\/FAMZoppe.jpg 567w, https:\/\/lago-architekten.ch\/wp-content\/uploads\/2022\/04\/FAMZoppe-300x201.jpg 300w, https:\/\/lago-architekten.ch\/wp-content\/uploads\/2022\/04\/FAMZoppe-18x12.jpg 18w\" sizes=\"(max-width: 567px) 100vw, 567px\" \/><\/figure>\n\n\n\n<p class=\"has-text-align-left has-background\" style=\"background-color:#f6f6f6\">&#8222;Wir bedanken uns bei der Familie Lanz f\u00fcr ihre ausserordentliche Leistung. Mit viel Passion und Professionalit\u00e4t wurden 32 unterschiedliche Themenzimmer geschaffen. Dazu geh\u00f6ren im Besonderen die unterschiedlichen Hausfarben und Zimmernamen.&#8220;<\/p>\n\n\n\n<p class=\"has-background\" style=\"background-color:#f6f6f6\">&#8222;Wir sind sehr dankbar und gl\u00fccklich \u00fcber die gelungene Zimmerrennovation. Dies best\u00e4tigten uns auch tagt\u00e4glich unsere gesch\u00e4tzten G\u00e4ste und Freunde.\u201c<\/p>\n\n\n\n<div class=\"wp-container-1 is-content-justification-center wp-block-buttons\"><\/div>\n\n\n\n<p class=\"has-text-align-right has-small-font-size\"><a href=\"http:\/\/lago-architekten.ch\/en\/referenzen\/\">zu Referenzen<\/a><\/p>","protected":false},"excerpt":{"rendered":"<p>(REFERENZ) Hotel-Renovation &#8211; Beratung\/ Design\/ Umsetzung Das erfolgreich gef\u00fchrte SWISS FAMILY HOTEL &#8211;&nbsp; LA CAMPAGNOLA ***S\u2013 f\u00fchrt Nicole und Stefano Zoppe. Als Familie sind Ihre beiden Kinder, Gina und Samuele, immer mit dabei. Herzlichkeit&#46;&#46;&#46;<\/p>","protected":false},"author":2,"featured_media":0,"parent":0,"menu_order":0,"comment_status":"closed","ping_status":"closed","template":"","meta":[],"_links":{"self":[{"href":"https:\/\/lago-architekten.ch\/en\/wp-json\/wp\/v2\/pages\/443"}],"collection":[{"href":"https:\/\/lago-architekten.ch\/en\/wp-json\/wp\/v2\/pages"}],"about":[{"href":"https:\/\/lago-architekten.ch\/en\/wp-json\/wp\/v2\/types\/page"}],"author":[{"embeddable":true,"href":"https:\/\/lago-architekten.ch\/en\/wp-json\/wp\/v2\/users\/2"}],"replies":[{"embeddable":true,"href":"https:\/\/lago-architekten.ch\/en\/wp-json\/wp\/v2\/comments?post=443"}],"version-history":[{"count":10,"href":"https:\/\/lago-architekten.ch\/en\/wp-json\/wp\/v2\/pages\/443\/revisions"}],"predecessor-version":[{"id":1151,"href":"https:\/\/lago-architekten.ch\/en\/wp-json\/wp\/v2\/pages\/443\/revisions\/1151"}],"wp:attachment":[{"href":"https:\/\/lago-architekten.ch\/en\/wp-json\/wp\/v2\/media?parent=443"}],"curies":[{"name":"wp","href":"https:\/\/api.w.org\/{rel}","templated":true}]}}