{"id":563,"date":"2022-07-10T20:50:46","date_gmt":"2022-07-10T18:50:46","guid":{"rendered":"http:\/\/lago-architekten.ch\/?page_id=563"},"modified":"2022-09-23T06:36:53","modified_gmt":"2022-09-23T04:36:53","slug":"upcycling","status":"publish","type":"page","link":"https:\/\/lago-architekten.ch\/en\/upcycling\/","title":{"rendered":"UPCYCLING"},"content":{"rendered":"<p id=\"Hotels\" style=\"font-size:16px\">das bei den Hotels voll im Trend liegt und den Geldbeutel deutlich schont.<br><br>Das intelligente<strong> &#8222;Werte-erhalten und Auf-werten<\/strong>&#8220; mit <br>&#8222;<strong>smartRepair<\/strong>&#8220; und cleverer Handwerkskunst. <br><br>Schritt f\u00fcr Schritt k\u00f6nnen weitere Investionen realisiert und zeitlich sinnvoll integriert werden.<\/p>\n\n\n\n<figure class=\"wp-block-image size-full\"><img loading=\"lazy\" width=\"800\" height=\"600\" src=\"http:\/\/lago-architekten.ch\/wp-content\/uploads\/2022\/08\/2017-09-11-12.18.46-HDR.jpg\" alt=\"\" class=\"wp-image-991\" srcset=\"https:\/\/lago-architekten.ch\/wp-content\/uploads\/2022\/08\/2017-09-11-12.18.46-HDR.jpg 800w, https:\/\/lago-architekten.ch\/wp-content\/uploads\/2022\/08\/2017-09-11-12.18.46-HDR-300x225.jpg 300w, https:\/\/lago-architekten.ch\/wp-content\/uploads\/2022\/08\/2017-09-11-12.18.46-HDR-768x576.jpg 768w, https:\/\/lago-architekten.ch\/wp-content\/uploads\/2022\/08\/2017-09-11-12.18.46-HDR-16x12.jpg 16w\" sizes=\"(max-width: 800px) 100vw, 800px\" \/><figcaption>aus ALT mach &#8230;.<\/figcaption><\/figure>\n\n\n\n<figure class=\"wp-block-image size-full\"><img loading=\"lazy\" width=\"800\" height=\"600\" src=\"http:\/\/lago-architekten.ch\/wp-content\/uploads\/2022\/08\/PHOTO-SWISSLANE-Zi.TI-LC-01.jpg\" alt=\"\" class=\"wp-image-1026\" srcset=\"https:\/\/lago-architekten.ch\/wp-content\/uploads\/2022\/08\/PHOTO-SWISSLANE-Zi.TI-LC-01.jpg 800w, https:\/\/lago-architekten.ch\/wp-content\/uploads\/2022\/08\/PHOTO-SWISSLANE-Zi.TI-LC-01-300x225.jpg 300w, https:\/\/lago-architekten.ch\/wp-content\/uploads\/2022\/08\/PHOTO-SWISSLANE-Zi.TI-LC-01-768x576.jpg 768w, https:\/\/lago-architekten.ch\/wp-content\/uploads\/2022\/08\/PHOTO-SWISSLANE-Zi.TI-LC-01-16x12.jpg 16w\" sizes=\"(max-width: 800px) 100vw, 800px\" \/><figcaption>NEU<\/figcaption><\/figure>\n\n\n\n<p style=\"font-size:16px\"><strong>B\u00c4DER<\/strong> &#8211; vorher &#8211; nachher<\/p>\n\n\n\n<div class=\"wp-container-3 wp-block-columns\">\n<div class=\"wp-container-1 wp-block-column\">\n<figure class=\"wp-block-image size-large is-resized\"><img loading=\"lazy\" src=\"http:\/\/lago-architekten.ch\/wp-content\/uploads\/2022\/08\/2017-09-11-07.28.00-scaled-e1660238106654-1024x822.jpg\" alt=\"\" class=\"wp-image-808\" width=\"235\" height=\"187\"\/><\/figure>\n\n\n\n<p>Sanierung <br>inkl. ELT-Bodenheizung<\/p>\n<\/div>\n\n\n\n<div class=\"wp-container-2 wp-block-column\">\n<figure class=\"wp-block-image size-full is-resized\"><img loading=\"lazy\" src=\"http:\/\/lago-architekten.ch\/wp-content\/uploads\/2022\/08\/Photo-SwissLane-BAD-alt-01.jpg\" alt=\"\" class=\"wp-image-939\" width=\"195\" height=\"259\" srcset=\"https:\/\/lago-architekten.ch\/wp-content\/uploads\/2022\/08\/Photo-SwissLane-BAD-alt-01.jpg 400w, https:\/\/lago-architekten.ch\/wp-content\/uploads\/2022\/08\/Photo-SwissLane-BAD-alt-01-225x300.jpg 225w, https:\/\/lago-architekten.ch\/wp-content\/uploads\/2022\/08\/Photo-SwissLane-BAD-alt-01-9x12.jpg 9w\" sizes=\"(max-width: 195px) 100vw, 195px\" \/><\/figure>\n<\/div>\n<\/div>\n\n\n\n<figure class=\"wp-block-image size-full is-resized\"><img loading=\"lazy\" src=\"http:\/\/lago-architekten.ch\/wp-content\/uploads\/2022\/08\/Photo-SwissLane-BAD-neu-01.jpg\" alt=\"\" class=\"wp-image-940\" width=\"595\" height=\"446\" srcset=\"https:\/\/lago-architekten.ch\/wp-content\/uploads\/2022\/08\/Photo-SwissLane-BAD-neu-01.jpg 400w, https:\/\/lago-architekten.ch\/wp-content\/uploads\/2022\/08\/Photo-SwissLane-BAD-neu-01-300x225.jpg 300w, https:\/\/lago-architekten.ch\/wp-content\/uploads\/2022\/08\/Photo-SwissLane-BAD-neu-01-16x12.jpg 16w\" sizes=\"(max-width: 595px) 100vw, 595px\" \/><\/figure>\n\n\n\n<hr class=\"wp-block-separator has-alpha-channel-opacity\"\/>\n\n\n\n<p>Gardinen &amp; Betten  &#8211;  vorher | nachher<\/p>\n\n\n\n<figure class=\"wp-block-image size-full is-resized\"><img loading=\"lazy\" src=\"http:\/\/lago-architekten.ch\/wp-content\/uploads\/2022\/08\/PSL-FLUELIM-old-G-01.jpg\" alt=\"\" class=\"wp-image-1014\" width=\"596\" height=\"452\" srcset=\"https:\/\/lago-architekten.ch\/wp-content\/uploads\/2022\/08\/PSL-FLUELIM-old-G-01.jpg 500w, https:\/\/lago-architekten.ch\/wp-content\/uploads\/2022\/08\/PSL-FLUELIM-old-G-01-300x227.jpg 300w, https:\/\/lago-architekten.ch\/wp-content\/uploads\/2022\/08\/PSL-FLUELIM-old-G-01-16x12.jpg 16w\" sizes=\"(max-width: 596px) 100vw, 596px\" \/><figcaption>vorher<\/figcaption><\/figure>\n\n\n\n<figure class=\"wp-block-image size-full\"><img loading=\"lazy\" width=\"600\" height=\"438\" src=\"http:\/\/lago-architekten.ch\/wp-content\/uploads\/2022\/08\/PSL-FLUELIM-new-G-01.jpg\" alt=\"\" class=\"wp-image-1013\" srcset=\"https:\/\/lago-architekten.ch\/wp-content\/uploads\/2022\/08\/PSL-FLUELIM-new-G-01.jpg 600w, https:\/\/lago-architekten.ch\/wp-content\/uploads\/2022\/08\/PSL-FLUELIM-new-G-01-300x219.jpg 300w, https:\/\/lago-architekten.ch\/wp-content\/uploads\/2022\/08\/PSL-FLUELIM-new-G-01-16x12.jpg 16w\" sizes=\"(max-width: 600px) 100vw, 600px\" \/><figcaption>neue Gardinen | neue Betten | M\u00f6bel-UPCYCLING<\/figcaption><\/figure>\n\n\n\n<p style=\"font-size:16px\"><strong>Wir wissen es l\u00e4ngst. <\/strong><br><br>Alle Hotelzimmer unterliegen stets strapazi\u00f6sen Zeiten und fast t\u00e4glichen Reinigungsprozeduren .<br><br>Kleinere \u201eUngl\u00fccke\u201c verzeihen wir unseren G\u00e4sten.  <br>Die &#8222;Abnutzung&#8220; und die Sch\u00e4den haben keinen Namen. Doch mit der Zeit summieren sie sich&nbsp; dann doch. Die&nbsp; \u201ehistorischen\u201c Spuren sprechen ihre eigene Sprache und erz\u00e4hlen ihre m\u00f6glichen Geschichten.<br><br>Um nicht gleich eine komplette Renovation oder Sanierung anzusteuern, ist in unsicheren Zeiten wie jetzt der ideale Zeitpunkt, den Zimmern mit cleverem Reparatur-Management und sanften UPSTYLING, wieder ein gelungenes und zeitgem\u00e4sses Ambiente zu verschaffen. <\/p>\n\n\n\n<p style=\"font-size:16px;line-height:1.5\"><strong>Die Vorgehensweise<\/strong> ist w\u00e4hlbar in Einzelschritten (Phasen) pro Zimmer oder auch in einzelnen Teilbereichen,  z.B. Wnd, Decke, Boden &#8211; Gardinen, M\u00f6bel, u.v.m.<br><br>Im Badbereich sind es die Malerarbeiten, der Austausch von Sanit\u00e4robjekten, Duschabtrennungen, Ablagen und Accessoires.<br><br>Ihre Hotelzimmer werden in neuem Glanz erstrahlen. Ihre G\u00e4ste werden es Ihnen danken.<\/p>\n\n\n\n<p style=\"font-size:18px\"><strong>Massnahmen im Detail<\/strong><\/p>\n\n\n\n<ul style=\"font-size:16px\"><li>LED beleuchtete Headboard-Bilder<\/li><li>R\u00fcckenteile neu mit Echtleder\/ ECO-Leder bezogen<\/li><li>Holzwerk aufgearbeitet<\/li><li>DEKO-Wand mit Strukturtapete<\/li><li>neue Vorh\u00e4nge, Bettwaren und Bettw\u00e4sche von <a href=\"http:\/\/sidd.ch\" data-type=\"URL\" data-id=\"sidd.ch\">sidd.ch<\/a> (Interiror Design)<\/li><\/ul>\n\n\n\n<hr class=\"wp-block-separator has-alpha-channel-opacity\"\/>\n\n\n\n<p><strong>Flyer zum Downloaden<\/strong><\/p>\n\n\n\n<ul style=\"font-size:16px\"><li><a href=\"http:\/\/lago-architekten.ch\/wp-content\/uploads\/2022\/07\/upcycling-flyer-025-german.pdf\">UPCYCLING FLYER <strong>deutsch<\/strong><\/a><\/li><li><a href=\"http:\/\/lago-architekten.ch\/wp-content\/uploads\/2022\/07\/upcycling-flyer-025-english.pdf\">UPCYCLING FLYER <strong>englisch<\/strong><\/a><\/li><li><a href=\"http:\/\/lago-architekten.ch\/wp-content\/uploads\/2022\/07\/upcycling-flyer-025-francaise.pdf\">UPCYCLING FLYER <strong>francaise<\/strong><\/a><\/li><\/ul>\n\n\n\n<p style=\"font-size:18px\"><strong>Hier das &#8222;smartrepair&#8220; f\u00fcr M\u00f6bel mit Geschichte<\/strong><br>es muss nicht immer neu sein<\/p>\n\n\n\n<p style=\"font-size:16px\"><strong>Fazit: <a href=\"http:\/\/lago-architekten.ch\/en\/upcycling-flyer-deutsch-englisch-franzoesisch\/\">UPCYCLING<\/a><\/strong> die clevere \u201eRenovation light\u201c f\u00fcr Ihre  Hotelzimmer. <\/p>\n\n\n\n<p style=\"font-size:16px\">Somit sieht das Hotel sehr gepflegt aus und erstrahlt in neuem Glanz. <br>It`s <strong>Vintage-Time !<\/strong><\/p>\n\n\n\n<p>Zustand vorher<\/p>\n\n\n\n<figure class=\"wp-block-image size-full is-resized\"><img loading=\"lazy\" src=\"http:\/\/lago-architekten.ch\/wp-content\/uploads\/2022\/07\/IMG_6136-klSC.jpg\" alt=\"\" class=\"wp-image-569\" width=\"646\" height=\"363\" srcset=\"https:\/\/lago-architekten.ch\/wp-content\/uploads\/2022\/07\/IMG_6136-klSC.jpg 400w, https:\/\/lago-architekten.ch\/wp-content\/uploads\/2022\/07\/IMG_6136-klSC-300x169.jpg 300w, https:\/\/lago-architekten.ch\/wp-content\/uploads\/2022\/07\/IMG_6136-klSC-18x10.jpg 18w\" sizes=\"(max-width: 646px) 100vw, 646px\" \/><\/figure>\n\n\n\n<p>Zustand nachher<\/p>\n\n\n\n<figure class=\"wp-block-image size-full is-resized\"><img loading=\"lazy\" src=\"http:\/\/lago-architekten.ch\/wp-content\/uploads\/2022\/07\/IMG_6137-klSC.jpg\" alt=\"\" class=\"wp-image-570\" width=\"648\" height=\"365\" srcset=\"https:\/\/lago-architekten.ch\/wp-content\/uploads\/2022\/07\/IMG_6137-klSC.jpg 400w, https:\/\/lago-architekten.ch\/wp-content\/uploads\/2022\/07\/IMG_6137-klSC-300x169.jpg 300w, https:\/\/lago-architekten.ch\/wp-content\/uploads\/2022\/07\/IMG_6137-klSC-18x10.jpg 18w\" sizes=\"(max-width: 648px) 100vw, 648px\" \/><\/figure>\n\n\n\n<p>Tische und St\u00fchle &#8211; vorher | nachher<\/p>\n\n\n\n<div class=\"wp-container-6 wp-block-columns\">\n<div class=\"wp-container-4 wp-block-column\">\n<figure class=\"wp-block-image size-full\"><img loading=\"lazy\" width=\"400\" height=\"225\" src=\"http:\/\/lago-architekten.ch\/wp-content\/uploads\/2022\/07\/IMG_6145-klST.jpg\" alt=\"\" class=\"wp-image-571\" srcset=\"https:\/\/lago-architekten.ch\/wp-content\/uploads\/2022\/07\/IMG_6145-klST.jpg 400w, https:\/\/lago-architekten.ch\/wp-content\/uploads\/2022\/07\/IMG_6145-klST-300x169.jpg 300w, https:\/\/lago-architekten.ch\/wp-content\/uploads\/2022\/07\/IMG_6145-klST-18x10.jpg 18w\" sizes=\"(max-width: 400px) 100vw, 400px\" \/><figcaption>Stuhl &#8211; vorne links mit smartrepair <br>rechter Stuhl unbehandelt<\/figcaption><\/figure>\n<\/div>\n\n\n\n<div class=\"wp-container-5 wp-block-column\">\n<figure class=\"wp-block-image size-full\"><img loading=\"lazy\" width=\"600\" height=\"338\" src=\"http:\/\/lago-architekten.ch\/wp-content\/uploads\/2022\/07\/IMG_6144-klST.jpg\" alt=\"\" class=\"wp-image-579\" srcset=\"https:\/\/lago-architekten.ch\/wp-content\/uploads\/2022\/07\/IMG_6144-klST.jpg 600w, https:\/\/lago-architekten.ch\/wp-content\/uploads\/2022\/07\/IMG_6144-klST-300x169.jpg 300w, https:\/\/lago-architekten.ch\/wp-content\/uploads\/2022\/07\/IMG_6144-klST-18x10.jpg 18w\" sizes=\"(max-width: 600px) 100vw, 600px\" \/><figcaption>unterer Stuhlbereich <br>smartrepair &#8211; rechts alter Zustand<\/figcaption><\/figure>\n<\/div>\n<\/div>\n\n\n\n<p class=\"has-text-align-right has-small-font-size\"><a href=\"#Hotels\" data-type=\"internal\" data-id=\"#Hotels\">nach oben<\/a><\/p>\n\n\n\n<p class=\"has-text-align-right has-small-font-size\"><a href=\"http:\/\/lago-architekten.ch\/en\/referenzen\/\">zur\u00fcck zur Startseite<\/a><\/p>","protected":false},"excerpt":{"rendered":"<p>das bei den Hotels voll im Trend liegt und den Geldbeutel deutlich schont. Das intelligente &#8222;Werte-erhalten und Auf-werten&#8220; mit &#8222;smartRepair&#8220; und cleverer Handwerkskunst. Schritt f\u00fcr Schritt k\u00f6nnen weitere Investionen realisiert und zeitlich sinnvoll integriert&#46;&#46;&#46;<\/p>","protected":false},"author":2,"featured_media":0,"parent":0,"menu_order":0,"comment_status":"closed","ping_status":"closed","template":"","meta":[],"_links":{"self":[{"href":"https:\/\/lago-architekten.ch\/en\/wp-json\/wp\/v2\/pages\/563"}],"collection":[{"href":"https:\/\/lago-architekten.ch\/en\/wp-json\/wp\/v2\/pages"}],"about":[{"href":"https:\/\/lago-architekten.ch\/en\/wp-json\/wp\/v2\/types\/page"}],"author":[{"embeddable":true,"href":"https:\/\/lago-architekten.ch\/en\/wp-json\/wp\/v2\/users\/2"}],"replies":[{"embeddable":true,"href":"https:\/\/lago-architekten.ch\/en\/wp-json\/wp\/v2\/comments?post=563"}],"version-history":[{"count":73,"href":"https:\/\/lago-architekten.ch\/en\/wp-json\/wp\/v2\/pages\/563\/revisions"}],"predecessor-version":[{"id":1209,"href":"https:\/\/lago-architekten.ch\/en\/wp-json\/wp\/v2\/pages\/563\/revisions\/1209"}],"wp:attachment":[{"href":"https:\/\/lago-architekten.ch\/en\/wp-json\/wp\/v2\/media?parent=563"}],"curies":[{"name":"wp","href":"https:\/\/api.w.org\/{rel}","templated":true}]}}