{"id":63,"date":"2022-04-11T15:45:57","date_gmt":"2022-04-11T13:45:57","guid":{"rendered":"http:\/\/go.lago-architekten.ch\/?page_id=63"},"modified":"2022-10-08T22:27:48","modified_gmt":"2022-10-08T20:27:48","slug":"ueber-mich","status":"publish","type":"page","link":"https:\/\/lago-architekten.ch\/en\/ueber-mich\/","title":{"rendered":"B\u00dcRO"},"content":{"rendered":"<figure class=\"wp-block-image size-full\"><img loading=\"lazy\" width=\"200\" height=\"200\" src=\"http:\/\/lago-architekten.ch\/wp-content\/uploads\/2022\/08\/GL-PL01.jpg\" alt=\"\" class=\"wp-image-968\" srcset=\"https:\/\/lago-architekten.ch\/wp-content\/uploads\/2022\/08\/GL-PL01.jpg 200w, https:\/\/lago-architekten.ch\/wp-content\/uploads\/2022\/08\/GL-PL01-150x150.jpg 150w, https:\/\/lago-architekten.ch\/wp-content\/uploads\/2022\/08\/GL-PL01-12x12.jpg 12w\" sizes=\"(max-width: 200px) 100vw, 200px\" \/><figcaption>Gottfried Lanz<\/figcaption><\/figure>\n\n\n\n<ul style=\"font-size:16px\"><li>gut strukturiert und l\u00f6sungsorientiert<\/li><li>fundierte Ingenieursleistung<\/li><li>zielorientierter Bau- und Projektleitung<\/li><\/ul>\n\n\n\n<p>Mit mehr als 38 Jahren Berufserfahrung im Wohnungs- und Gewerbebau. Verantwortliche T\u00e4tigkeit&nbsp; im Qualit\u00e4tsmanagement f\u00fcr Ein- und Mehrfamilienh\u00e4user, Hotels, Arztpraxen, Museum und Autoh\u00e4usern.<\/p>\n\n\n\n<p>F\u00fcr ein erstes informelles Gespr\u00e4ch stehe ich Ihnen gerne zur Verf\u00fcgung. Sie erreichen mich via Email: <a href=\"mailto:info@lago-architekten.ch\">info@lago-architekten.ch<\/a> oder nutzen Sie das <a href=\"http:\/\/go.lago-architekten.ch\/informationsformular\/\">Informationsformular<\/a><\/p>\n\n\n\n<p class=\"has-text-align-right has-small-font-size\"><a href=\"https:\/\/lago-architekten.ch\/en\/\" data-type=\"URL\" data-id=\"www.lago-architekten.ch\">zur Startseite<\/a><\/p>","protected":false},"excerpt":{"rendered":"<p>gut strukturiert und l\u00f6sungsorientiert fundierte Ingenieursleistung zielorientierter Bau- und Projektleitung Mit mehr als 38 Jahren Berufserfahrung im Wohnungs- und Gewerbebau. Verantwortliche T\u00e4tigkeit&nbsp; im Qualit\u00e4tsmanagement f\u00fcr Ein- und Mehrfamilienh\u00e4user, Hotels, Arztpraxen, Museum und Autoh\u00e4usern. F\u00fcr&#46;&#46;&#46;<\/p>","protected":false},"author":2,"featured_media":1219,"parent":0,"menu_order":2,"comment_status":"closed","ping_status":"closed","template":"","meta":[],"_links":{"self":[{"href":"https:\/\/lago-architekten.ch\/en\/wp-json\/wp\/v2\/pages\/63"}],"collection":[{"href":"https:\/\/lago-architekten.ch\/en\/wp-json\/wp\/v2\/pages"}],"about":[{"href":"https:\/\/lago-architekten.ch\/en\/wp-json\/wp\/v2\/types\/page"}],"author":[{"embeddable":true,"href":"https:\/\/lago-architekten.ch\/en\/wp-json\/wp\/v2\/users\/2"}],"replies":[{"embeddable":true,"href":"https:\/\/lago-architekten.ch\/en\/wp-json\/wp\/v2\/comments?post=63"}],"version-history":[{"count":21,"href":"https:\/\/lago-architekten.ch\/en\/wp-json\/wp\/v2\/pages\/63\/revisions"}],"predecessor-version":[{"id":1240,"href":"https:\/\/lago-architekten.ch\/en\/wp-json\/wp\/v2\/pages\/63\/revisions\/1240"}],"wp:featuredmedia":[{"embeddable":true,"href":"https:\/\/lago-architekten.ch\/en\/wp-json\/wp\/v2\/media\/1219"}],"wp:attachment":[{"href":"https:\/\/lago-architekten.ch\/en\/wp-json\/wp\/v2\/media?parent=63"}],"curies":[{"name":"wp","href":"https:\/\/api.w.org\/{rel}","templated":true}]}}