{"id":744,"date":"2022-08-08T15:55:16","date_gmt":"2022-08-08T13:55:16","guid":{"rendered":"http:\/\/lago-architekten.ch\/?page_id=744"},"modified":"2022-10-22T14:49:04","modified_gmt":"2022-10-22T12:49:04","slug":"all-in-one","status":"publish","type":"page","link":"https:\/\/lago-architekten.ch\/en\/all-in-one\/","title":{"rendered":"ALL IN ONE"},"content":{"rendered":"<p style=\"font-size:16px\">Alle Bauleistungen und Dienstleistungen zum Renovieren oder Sanieren von Geb\u00e4uden, Hotels, B\u00fcros oder Ladenbau aus einer Hand.<\/p>\n\n\n\n<p style=\"font-size:16px\">Kosten- und Terminzuverl\u00e4ssigkeit stehen bei uns im Mittelpunkt.<br><br>Es geht um:<\/p>\n\n\n\n<p style=\"font-size:18px\">1  <strong>UPCYCLING<\/strong><\/p>\n\n\n\n<p style=\"font-size:16px\">Das clevere und intelligente &#8222;smartRepair&#8220;  f\u00fcr Hotels, Seniorenheime und Pflegeeinrichtungen, das voll im Trend liegt und Ihren Geldbeutel deutlich schont.<\/p>\n\n\n\n<p style=\"font-size:16px\">Kein Eingriff in die Bausubstanz. Mit gelungenem Farbkonzept und cleverem Handwerker-KnowHow das &#8222;<strong>smartRepair<\/strong>&#8220; anwenden.<\/p>\n\n\n\n<figure class=\"wp-block-image size-large\"><img loading=\"lazy\" width=\"1024\" height=\"768\" src=\"http:\/\/lago-architekten.ch\/wp-content\/uploads\/2022\/04\/IMG_0145-1024x768.jpg\" alt=\"\" class=\"wp-image-274\" srcset=\"https:\/\/lago-architekten.ch\/wp-content\/uploads\/2022\/04\/IMG_0145-1024x768.jpg 1024w, https:\/\/lago-architekten.ch\/wp-content\/uploads\/2022\/04\/IMG_0145-300x225.jpg 300w, https:\/\/lago-architekten.ch\/wp-content\/uploads\/2022\/04\/IMG_0145-768x576.jpg 768w, https:\/\/lago-architekten.ch\/wp-content\/uploads\/2022\/04\/IMG_0145-1536x1152.jpg 1536w, https:\/\/lago-architekten.ch\/wp-content\/uploads\/2022\/04\/IMG_0145-2048x1536.jpg 2048w, https:\/\/lago-architekten.ch\/wp-content\/uploads\/2022\/04\/IMG_0145-16x12.jpg 16w\" sizes=\"(max-width: 1024px) 100vw, 1024px\" \/><figcaption>Malerarbeiten, Boden und neue Einrichtung<\/figcaption><\/figure>\n\n\n\n<figure class=\"wp-block-image size-full\"><img loading=\"lazy\" width=\"800\" height=\"600\" src=\"http:\/\/lago-architekten.ch\/wp-content\/uploads\/2022\/08\/2017-09-11-12.18.46-HDR.jpg\" alt=\"\" class=\"wp-image-991\" srcset=\"https:\/\/lago-architekten.ch\/wp-content\/uploads\/2022\/08\/2017-09-11-12.18.46-HDR.jpg 800w, https:\/\/lago-architekten.ch\/wp-content\/uploads\/2022\/08\/2017-09-11-12.18.46-HDR-300x225.jpg 300w, https:\/\/lago-architekten.ch\/wp-content\/uploads\/2022\/08\/2017-09-11-12.18.46-HDR-768x576.jpg 768w, https:\/\/lago-architekten.ch\/wp-content\/uploads\/2022\/08\/2017-09-11-12.18.46-HDR-16x12.jpg 16w\" sizes=\"(max-width: 800px) 100vw, 800px\" \/><\/figure>\n\n\n\n<p>aber auch das Mobiliar kann teilweise wieder hergerichtet werden<\/p>\n\n\n\n<figure class=\"wp-block-image size-full\"><img loading=\"lazy\" width=\"400\" height=\"225\" src=\"http:\/\/lago-architekten.ch\/wp-content\/uploads\/2022\/07\/IMG_6136-klSC.jpg\" alt=\"\" class=\"wp-image-569\" srcset=\"https:\/\/lago-architekten.ch\/wp-content\/uploads\/2022\/07\/IMG_6136-klSC.jpg 400w, https:\/\/lago-architekten.ch\/wp-content\/uploads\/2022\/07\/IMG_6136-klSC-300x169.jpg 300w, https:\/\/lago-architekten.ch\/wp-content\/uploads\/2022\/07\/IMG_6136-klSC-18x10.jpg 18w\" sizes=\"(max-width: 400px) 100vw, 400px\" \/><figcaption>vorher<\/figcaption><\/figure>\n\n\n\n<figure class=\"wp-block-image size-full\"><img loading=\"lazy\" width=\"400\" height=\"225\" src=\"http:\/\/lago-architekten.ch\/wp-content\/uploads\/2022\/07\/IMG_6137-klSC.jpg\" alt=\"\" class=\"wp-image-570\" srcset=\"https:\/\/lago-architekten.ch\/wp-content\/uploads\/2022\/07\/IMG_6137-klSC.jpg 400w, https:\/\/lago-architekten.ch\/wp-content\/uploads\/2022\/07\/IMG_6137-klSC-300x169.jpg 300w, https:\/\/lago-architekten.ch\/wp-content\/uploads\/2022\/07\/IMG_6137-klSC-18x10.jpg 18w\" sizes=\"(max-width: 400px) 100vw, 400px\" \/><figcaption>nachher<\/figcaption><\/figure>\n\n\n\n<hr class=\"wp-block-separator has-alpha-channel-opacity\"\/>\n\n\n\n<p style=\"font-size:18px\">2  <strong>RENOVIERUNG<\/strong><\/p>\n\n\n\n<p style=\"font-size:16px\"><strong>Ohne Eingriff in die Bausubstanz.<\/strong><br><strong>Oberfl\u00e4chen erneuern nach Farbkonzept.<\/strong><br><strong>Einrichtung ersetzen<\/strong>.<\/p>\n\n\n\n<ul style=\"font-size:14px\"><li>Gipserarbeiten<\/li><li>Malerarbeiten<\/li><li>Fliesenarbeiten<\/li><li>Bodenbelagsarbeiten<\/li><\/ul>\n\n\n\n<p style=\"font-size:16px\"><strong>Bauteile ersetzen<\/strong><\/p>\n\n\n\n<ul><li>Innen- und Abschlusst\u00fcren, <\/li><li>Fenster, Fensteranlagen<\/li><li>Heizk\u00f6rper, BAdheizk\u00f6rper<\/li><li>Badausstattung, WC, Dusche, Waschbecken<\/li><li>Zimmereinrichtung, M\u00f6bel, Gardinen, Bilder<\/li><li>Technik, Beleuchtung, WLan, TV, Vernetzung<\/li><\/ul>\n\n\n\n<p>Zimmer und B\u00e4der &#8211; vorher | nachher<\/p>\n\n\n\n<figure class=\"wp-container-2 wp-block-gallery-1 wp-block-gallery has-nested-images columns-default is-cropped\">\n<figure class=\"wp-block-image size-full\"><img loading=\"lazy\" width=\"400\" height=\"533\" data-id=\"566\"  src=\"http:\/\/lago-architekten.ch\/wp-content\/uploads\/2022\/07\/TI-LC-2501-01.jpg\" alt=\"\" class=\"wp-image-566\" srcset=\"https:\/\/lago-architekten.ch\/wp-content\/uploads\/2022\/07\/TI-LC-2501-01.jpg 400w, https:\/\/lago-architekten.ch\/wp-content\/uploads\/2022\/07\/TI-LC-2501-01-225x300.jpg 225w, https:\/\/lago-architekten.ch\/wp-content\/uploads\/2022\/07\/TI-LC-2501-01-9x12.jpg 9w\" sizes=\"(max-width: 400px) 100vw, 400px\" \/><\/figure>\n\n\n\n<figure class=\"wp-block-image size-thumbnail\"><img loading=\"lazy\" width=\"651\" height=\"434\" data-id=\"447\"  src=\"http:\/\/lago-architekten.ch\/wp-content\/uploads\/2022\/04\/Zi-nachher.jpg\" alt=\"\" class=\"wp-image-447\" srcset=\"https:\/\/lago-architekten.ch\/wp-content\/uploads\/2022\/04\/Zi-nachher.jpg 651w, https:\/\/lago-architekten.ch\/wp-content\/uploads\/2022\/04\/Zi-nachher-300x200.jpg 300w, https:\/\/lago-architekten.ch\/wp-content\/uploads\/2022\/04\/Zi-nachher-18x12.jpg 18w\" sizes=\"(max-width: 651px) 100vw, 651px\" \/><\/figure>\n<\/figure>\n\n\n\n<hr class=\"wp-block-separator has-alpha-channel-opacity\"\/>\n\n\n\n<figure class=\"wp-container-4 wp-block-gallery-3 wp-block-gallery has-nested-images columns-default is-cropped\">\n<figure class=\"wp-block-image size-full is-resized\"><img loading=\"lazy\" data-id=\"939\"  src=\"http:\/\/lago-architekten.ch\/wp-content\/uploads\/2022\/08\/Photo-SwissLane-BAD-alt-01.jpg\" alt=\"\" class=\"wp-image-939\" width=\"187\" height=\"249\" srcset=\"https:\/\/lago-architekten.ch\/wp-content\/uploads\/2022\/08\/Photo-SwissLane-BAD-alt-01.jpg 400w, https:\/\/lago-architekten.ch\/wp-content\/uploads\/2022\/08\/Photo-SwissLane-BAD-alt-01-225x300.jpg 225w, https:\/\/lago-architekten.ch\/wp-content\/uploads\/2022\/08\/Photo-SwissLane-BAD-alt-01-9x12.jpg 9w\" sizes=\"(max-width: 187px) 100vw, 187px\" \/><\/figure>\n\n\n\n<figure class=\"wp-block-image size-full\"><img loading=\"lazy\" width=\"1920\" height=\"1542\" data-id=\"808\"  src=\"http:\/\/lago-architekten.ch\/wp-content\/uploads\/2022\/08\/2017-09-11-07.28.00-scaled-e1660238106654.jpg\" alt=\"\" class=\"wp-image-808\" srcset=\"https:\/\/lago-architekten.ch\/wp-content\/uploads\/2022\/08\/2017-09-11-07.28.00-scaled-e1660238106654.jpg 1920w, https:\/\/lago-architekten.ch\/wp-content\/uploads\/2022\/08\/2017-09-11-07.28.00-scaled-e1660238106654-300x241.jpg 300w, https:\/\/lago-architekten.ch\/wp-content\/uploads\/2022\/08\/2017-09-11-07.28.00-scaled-e1660238106654-1024x822.jpg 1024w, https:\/\/lago-architekten.ch\/wp-content\/uploads\/2022\/08\/2017-09-11-07.28.00-scaled-e1660238106654-768x617.jpg 768w, https:\/\/lago-architekten.ch\/wp-content\/uploads\/2022\/08\/2017-09-11-07.28.00-scaled-e1660238106654-1536x1234.jpg 1536w, https:\/\/lago-architekten.ch\/wp-content\/uploads\/2022\/08\/2017-09-11-07.28.00-scaled-e1660238106654-15x12.jpg 15w, https:\/\/lago-architekten.ch\/wp-content\/uploads\/2022\/08\/2017-09-11-07.28.00-scaled-e1660238106654-1800x1446.jpg 1800w\" sizes=\"(max-width: 1920px) 100vw, 1920px\" \/><\/figure>\n<\/figure>\n\n\n\n<figure class=\"wp-block-image size-full is-resized\"><img loading=\"lazy\" src=\"http:\/\/lago-architekten.ch\/wp-content\/uploads\/2022\/08\/Photo-SwissLane-BAD-neu-01.jpg\" alt=\"\" class=\"wp-image-940\" width=\"544\" height=\"408\" srcset=\"https:\/\/lago-architekten.ch\/wp-content\/uploads\/2022\/08\/Photo-SwissLane-BAD-neu-01.jpg 400w, https:\/\/lago-architekten.ch\/wp-content\/uploads\/2022\/08\/Photo-SwissLane-BAD-neu-01-300x225.jpg 300w, https:\/\/lago-architekten.ch\/wp-content\/uploads\/2022\/08\/Photo-SwissLane-BAD-neu-01-16x12.jpg 16w\" sizes=\"(max-width: 544px) 100vw, 544px\" \/><\/figure>\n\n\n\n<hr class=\"wp-block-separator has-alpha-channel-opacity\"\/>\n\n\n\n<p style=\"font-size:18px\">3  <strong>SANIERUNG<\/strong><\/p>\n\n\n\n<p><strong>Eingriff in die Bausubstanz. <\/strong><\/p>\n\n\n\n<ul><li>Baunazeige oder Bauantrag einholen<\/li><li>W\u00e4nde entfernen<\/li><li>Maurerarbeiten<\/li><li>Haustechnik, HSKE nach Bedarf<\/li><li>techn. Abnahmen, Elektro und Heizung<\/li><li>alle weiteren Arbeiten wie bei der Renovierung<\/li><\/ul>\n\n\n\n<p class=\"has-text-align-right has-small-font-size\"><a href=\"https:\/\/lago-architekten.ch\/en\/\">zur\u00fcck zur Startseite<\/a><\/p>","protected":false},"excerpt":{"rendered":"<p>Alle Bauleistungen und Dienstleistungen zum Renovieren oder Sanieren von Geb\u00e4uden, Hotels, B\u00fcros oder Ladenbau aus einer Hand. Kosten- und Terminzuverl\u00e4ssigkeit stehen bei uns im Mittelpunkt. Es geht um: 1 UPCYCLING Das clevere und intelligente&#46;&#46;&#46;<\/p>","protected":false},"author":2,"featured_media":0,"parent":0,"menu_order":0,"comment_status":"closed","ping_status":"closed","template":"","meta":[],"_links":{"self":[{"href":"https:\/\/lago-architekten.ch\/en\/wp-json\/wp\/v2\/pages\/744"}],"collection":[{"href":"https:\/\/lago-architekten.ch\/en\/wp-json\/wp\/v2\/pages"}],"about":[{"href":"https:\/\/lago-architekten.ch\/en\/wp-json\/wp\/v2\/types\/page"}],"author":[{"embeddable":true,"href":"https:\/\/lago-architekten.ch\/en\/wp-json\/wp\/v2\/users\/2"}],"replies":[{"embeddable":true,"href":"https:\/\/lago-architekten.ch\/en\/wp-json\/wp\/v2\/comments?post=744"}],"version-history":[{"count":27,"href":"https:\/\/lago-architekten.ch\/en\/wp-json\/wp\/v2\/pages\/744\/revisions"}],"predecessor-version":[{"id":1348,"href":"https:\/\/lago-architekten.ch\/en\/wp-json\/wp\/v2\/pages\/744\/revisions\/1348"}],"wp:attachment":[{"href":"https:\/\/lago-architekten.ch\/en\/wp-json\/wp\/v2\/media?parent=744"}],"curies":[{"name":"wp","href":"https:\/\/api.w.org\/{rel}","templated":true}]}}