{"id":777,"date":"2022-08-11T18:25:32","date_gmt":"2022-08-11T16:25:32","guid":{"rendered":"http:\/\/lago-architekten.ch\/?page_id=777"},"modified":"2024-09-28T11:00:37","modified_gmt":"2024-09-28T09:00:37","slug":"aktuell-juli-2022-2","status":"publish","type":"page","link":"https:\/\/lago-architekten.ch\/en\/aktuell-juli-2022-2\/","title":{"rendered":"HERBST  2024"},"content":{"rendered":"<p style=\"font-size:18px;line-height:1.5\"><strong>Wir wissen es l\u00e4ngst.<\/strong> <br><br>Alle Hotelzimmer unterliegen stets strapazi\u00f6sen Zeiten und fast t\u00e4glichen Reinigungsprozeduren .<br><br>Um nicht gleich eine komplette Renovation oder Sanierung anzusteuern, ist in unsicheren Zeiten wie jetzt der ideale Zeitpunkt, den Zimmern mit cleverem Reparatur-Management und sanften UPSTYLING, wieder ein gelungenes und zeitgem\u00e4sses Ambiente zu verschaffen. <\/p>\n\n\n\n<p style=\"font-size:18px;line-height:1.5\"><strong>Die Vorgehensweise<\/strong> ist w\u00e4hlbar in Einzelschritten (Phasen) pro Zimmer oder auch in einzelnen Teilbereichen,  z.B. Wand, Decken, Boden &#8211; Gardinen, M\u00f6bel, u.v.m.<br><br>Im Badbereich sind es die Malerarbeiten, der Austausch von Sanit\u00e4robjekten, Duschabtrennungen, Ablagen und Accessoires.<br><br>Ihre Hotelzimmer werden in neuem Glanz erstrahlen. Ihre G\u00e4ste werden es Ihnen danken.<\/p>\n\n\n\n<p style=\"font-size:18px\"><strong>Fazit: <a href=\"http:\/\/lago-architekten.ch\/en\/upcycling-flyer-deutsch-englisch-franzoesisch\/\">UPCYCLING<\/a><\/strong> die clevere \u201eRenovation light\u201c f\u00fcr Ihre  Hotelzimmer. <\/p>\n\n\n\n<h4>Hier das &#8222;smartrepair&#8220; f\u00fcr M\u00f6bel mit Geschichte<\/h4>\n\n\n\n<p style=\"font-size:18px\">So erscheint Ihr Hotel in neuem Glanz.. <strong>Vintage !<\/strong><\/p>\n\n\n\n<div class=\"wp-container-3 wp-block-columns\">\n<div class=\"wp-container-1 wp-block-column\">\n<figure class=\"wp-block-image size-full\"><img loading=\"lazy\" width=\"400\" height=\"225\" src=\"http:\/\/lago-architekten.ch\/wp-content\/uploads\/2022\/07\/IMG_6136-klSC.jpg\" alt=\"\" class=\"wp-image-569\" srcset=\"https:\/\/lago-architekten.ch\/wp-content\/uploads\/2022\/07\/IMG_6136-klSC.jpg 400w, https:\/\/lago-architekten.ch\/wp-content\/uploads\/2022\/07\/IMG_6136-klSC-300x169.jpg 300w, https:\/\/lago-architekten.ch\/wp-content\/uploads\/2022\/07\/IMG_6136-klSC-18x10.jpg 18w\" sizes=\"(max-width: 400px) 100vw, 400px\" \/><\/figure>\n<\/div>\n\n\n\n<div class=\"wp-container-2 wp-block-column\">\n<figure class=\"wp-block-image size-full\"><img loading=\"lazy\" width=\"400\" height=\"225\" src=\"http:\/\/lago-architekten.ch\/wp-content\/uploads\/2022\/07\/IMG_6137-klSC.jpg\" alt=\"\" class=\"wp-image-570\" srcset=\"https:\/\/lago-architekten.ch\/wp-content\/uploads\/2022\/07\/IMG_6137-klSC.jpg 400w, https:\/\/lago-architekten.ch\/wp-content\/uploads\/2022\/07\/IMG_6137-klSC-300x169.jpg 300w, https:\/\/lago-architekten.ch\/wp-content\/uploads\/2022\/07\/IMG_6137-klSC-18x10.jpg 18w\" sizes=\"(max-width: 400px) 100vw, 400px\" \/><\/figure>\n<\/div>\n<\/div>\n\n\n\n<div class=\"wp-container-6 wp-block-columns\">\n<div class=\"wp-container-4 wp-block-column\">\n<figure class=\"wp-block-image size-full\"><img loading=\"lazy\" width=\"400\" height=\"225\" src=\"http:\/\/lago-architekten.ch\/wp-content\/uploads\/2022\/07\/IMG_6145-klST.jpg\" alt=\"\" class=\"wp-image-571\" srcset=\"https:\/\/lago-architekten.ch\/wp-content\/uploads\/2022\/07\/IMG_6145-klST.jpg 400w, https:\/\/lago-architekten.ch\/wp-content\/uploads\/2022\/07\/IMG_6145-klST-300x169.jpg 300w, https:\/\/lago-architekten.ch\/wp-content\/uploads\/2022\/07\/IMG_6145-klST-18x10.jpg 18w\" sizes=\"(max-width: 400px) 100vw, 400px\" \/><figcaption>Stuhl &#8211; vorne links mit smartrepair <br>rechter Stuhl unbehandelt<\/figcaption><\/figure>\n<\/div>\n\n\n\n<div class=\"wp-container-5 wp-block-column\">\n<figure class=\"wp-block-image size-full\"><img loading=\"lazy\" width=\"600\" height=\"338\" src=\"http:\/\/lago-architekten.ch\/wp-content\/uploads\/2022\/07\/IMG_6144-klST.jpg\" alt=\"\" class=\"wp-image-579\" srcset=\"https:\/\/lago-architekten.ch\/wp-content\/uploads\/2022\/07\/IMG_6144-klST.jpg 600w, https:\/\/lago-architekten.ch\/wp-content\/uploads\/2022\/07\/IMG_6144-klST-300x169.jpg 300w, https:\/\/lago-architekten.ch\/wp-content\/uploads\/2022\/07\/IMG_6144-klST-18x10.jpg 18w\" sizes=\"(max-width: 600px) 100vw, 600px\" \/><figcaption>unterer Stuhlbereich <br>smartrepair &#8211; rechts alter Zustand<\/figcaption><\/figure>\n<\/div>\n<\/div>\n\n\n\n<p class=\"has-text-align-right has-small-font-size\"><a href=\"http:\/\/lago-architekten.ch\/en\/referenzen\/\">zur\u00fcck zur Startseite<\/a><\/p>","protected":false},"excerpt":{"rendered":"<p>Wir wissen es l\u00e4ngst. Alle Hotelzimmer unterliegen stets strapazi\u00f6sen Zeiten und fast t\u00e4glichen Reinigungsprozeduren . Um nicht gleich eine komplette Renovation oder Sanierung anzusteuern, ist in unsicheren Zeiten wie jetzt der ideale Zeitpunkt, den&#46;&#46;&#46;<\/p>","protected":false},"author":2,"featured_media":0,"parent":0,"menu_order":0,"comment_status":"closed","ping_status":"closed","template":"","meta":[],"_links":{"self":[{"href":"https:\/\/lago-architekten.ch\/en\/wp-json\/wp\/v2\/pages\/777"}],"collection":[{"href":"https:\/\/lago-architekten.ch\/en\/wp-json\/wp\/v2\/pages"}],"about":[{"href":"https:\/\/lago-architekten.ch\/en\/wp-json\/wp\/v2\/types\/page"}],"author":[{"embeddable":true,"href":"https:\/\/lago-architekten.ch\/en\/wp-json\/wp\/v2\/users\/2"}],"replies":[{"embeddable":true,"href":"https:\/\/lago-architekten.ch\/en\/wp-json\/wp\/v2\/comments?post=777"}],"version-history":[{"count":10,"href":"https:\/\/lago-architekten.ch\/en\/wp-json\/wp\/v2\/pages\/777\/revisions"}],"predecessor-version":[{"id":1449,"href":"https:\/\/lago-architekten.ch\/en\/wp-json\/wp\/v2\/pages\/777\/revisions\/1449"}],"wp:attachment":[{"href":"https:\/\/lago-architekten.ch\/en\/wp-json\/wp\/v2\/media?parent=777"}],"curies":[{"name":"wp","href":"https:\/\/api.w.org\/{rel}","templated":true}]}}