{"id":913,"date":"2022-08-12T11:21:59","date_gmt":"2022-08-12T09:21:59","guid":{"rendered":"http:\/\/lago-architekten.ch\/?page_id=913"},"modified":"2022-08-12T11:25:03","modified_gmt":"2022-08-12T09:25:03","slug":"erdwaerme","status":"publish","type":"page","link":"https:\/\/lago-architekten.ch\/en\/erdwaerme\/","title":{"rendered":"ERDW\u00c4RME"},"content":{"rendered":"<h2>Vor- und Nachteile zum Heizen mit Erdw\u00e4rme<\/h2>\n\n\n\n<p>Wie eine Erdw\u00e4rmeheizung im Groben funktioniert, haben wir nun erkl\u00e4rt. Doch lohnt sich dieser Aufwand \u00fcberhaupt? Ist eine solche Installation nicht auch extrem teuer? Im Folgenden wollen wir darum einmal die Vorteile den Nachteilen gegen\u00fcberstellen und vergleichen.<\/p>\n\n\n\n<h3>Das spricht f\u00fcr die Erdw\u00e4rme<\/h3>\n\n\n\n<p>Sie wird immer als besonders \u00f6kologisch angepriesen: die Erdw\u00e4rmeheizung. Stimmt das denn? Welche Vorteile bringt die Geothermie wirklich mit sich?<\/p>\n\n\n\n<ul><li>Sie ist&nbsp;<strong>unabh\u00e4ngig<\/strong>&nbsp;von anderen Energietr\u00e4gern, das hei\u00dft es braucht keinerlei fossile Brennstoffe und keinerlei Verbrennung mehr.<\/li><li>Die Erdw\u00e4rme ist&nbsp;<strong>frei von Emissionen<\/strong>, da wie gesagt keine Verbrennungsvorg\u00e4nge mehr stattfinden.<\/li><li>Die Heizart ist sehr sicher, da zum einen keine gef\u00e4hrlichen Gase und so auch keine Br\u00e4nde entstehen k\u00f6nnen.<\/li><li>Die Heizung hat einen&nbsp;<strong>geringer Platzbedarf<\/strong>&nbsp;im Geb\u00e4ude, denn es braucht z.B. keine \u00d6ltanks oder Lagerst\u00e4tten von Pellets mehr.<\/li><li>Die&nbsp;<strong>F\u00f6rderungsbeteiligungen<\/strong>&nbsp;ist hoch, da sich die Heizart so positiv auf die Energieeffizienz auswirkt.<\/li><li>Neben oder noch besser zusammen mit Photovoltaik-Anlagen ist es die&nbsp;<strong>\u00f6kologischste Heizart<\/strong>, da der ben\u00f6tigte Strom ebenfalls nachhaltig und emissionslos produziert wird.<\/li><li>Es fallen&nbsp;<strong>keine laufenden Heizkosten<\/strong>&nbsp;mehr an, da die Erdw\u00e4rme frei zug\u00e4nglich ist.<\/li><li>Eine<strong>&nbsp;zus\u00e4tzliche Nutzung als Klimaanlage<\/strong>&nbsp;ist m\u00f6glich, dabei wird im Sommer die K\u00fchle des Erdbodens weitergeleitet.<\/li><li>Die Erdw\u00e4rmeheizung kann auch&nbsp;<strong>nachger\u00fcstet<\/strong>&nbsp;werden.<\/li><\/ul>\n\n\n\n<h3>Diese H\u00fcrden bringt sie mit sich<\/h3>\n\n\n\n<p>Wie immer im Leben hat alles auch seine Kehrseite. <\/p>\n\n\n\n<ul><li>Eine solche Anlage hat<strong>&nbsp;hohe Anschaffungskosten<\/strong>. Der Aufwand durch die Erd-Bohrungen nicht zu untersch\u00e4tzen.<\/li><li>Die Erdw\u00e4rmepumpe ist&nbsp;<strong>abh\u00e4ngig von den Gel\u00e4ndegegebenheiten<\/strong>&nbsp;(Platz an der Oberfl\u00e4che, Bodenqualit\u00e4t, Grad der Versiegelung der Oberfl\u00e4che, klimatische Einfl\u00fcsse), weswegen sie unter bestimmten Umst\u00e4nden nicht installiert werden kann.<\/li><li>Es braucht ein&nbsp;<strong>sehr gut ged\u00e4mmtes Geb\u00e4ude<\/strong>, damit die Heizung so effizient arbeiten kann. <\/li><li>Der&nbsp;<strong>b\u00fcrokratische Aufwand<\/strong>&nbsp;durch die genehmigungspflichtigen Bohrungen ist ebenfalls zu beachten.<\/li><\/ul>\n\n\n\n<p class=\"has-text-align-right has-small-font-size\"><a href=\"https:\/\/lago-architekten.ch\/en\/\">zur Startseite<\/a><\/p>","protected":false},"excerpt":{"rendered":"<p>Vor- und Nachteile zum Heizen mit Erdw\u00e4rme Wie eine Erdw\u00e4rmeheizung im Groben funktioniert, haben wir nun erkl\u00e4rt. Doch lohnt sich dieser Aufwand \u00fcberhaupt? Ist eine solche Installation nicht auch extrem teuer? Im Folgenden wollen&#46;&#46;&#46;<\/p>","protected":false},"author":2,"featured_media":0,"parent":0,"menu_order":0,"comment_status":"closed","ping_status":"closed","template":"","meta":[],"_links":{"self":[{"href":"https:\/\/lago-architekten.ch\/en\/wp-json\/wp\/v2\/pages\/913"}],"collection":[{"href":"https:\/\/lago-architekten.ch\/en\/wp-json\/wp\/v2\/pages"}],"about":[{"href":"https:\/\/lago-architekten.ch\/en\/wp-json\/wp\/v2\/types\/page"}],"author":[{"embeddable":true,"href":"https:\/\/lago-architekten.ch\/en\/wp-json\/wp\/v2\/users\/2"}],"replies":[{"embeddable":true,"href":"https:\/\/lago-architekten.ch\/en\/wp-json\/wp\/v2\/comments?post=913"}],"version-history":[{"count":3,"href":"https:\/\/lago-architekten.ch\/en\/wp-json\/wp\/v2\/pages\/913\/revisions"}],"predecessor-version":[{"id":917,"href":"https:\/\/lago-architekten.ch\/en\/wp-json\/wp\/v2\/pages\/913\/revisions\/917"}],"wp:attachment":[{"href":"https:\/\/lago-architekten.ch\/en\/wp-json\/wp\/v2\/media?parent=913"}],"curies":[{"name":"wp","href":"https:\/\/api.w.org\/{rel}","templated":true}]}}