{"id":918,"date":"2022-08-12T11:39:56","date_gmt":"2022-08-12T09:39:56","guid":{"rendered":"http:\/\/lago-architekten.ch\/?page_id=918"},"modified":"2025-09-22T17:52:03","modified_gmt":"2025-09-22T15:52:03","slug":"solar-energie","status":"publish","type":"page","link":"https:\/\/lago-architekten.ch\/en\/solar-energie\/","title":{"rendered":"SOLAR-ENERGIE"},"content":{"rendered":"<h3>Energiemanagement mit Nachhaltigkeit<\/h3>\n\n\n\n<figure class=\"wp-block-image size-full is-resized\"><a href=\"http:\/\/www.lago-solar.ch\"><img loading=\"lazy\" src=\"http:\/\/lago-architekten.ch\/wp-content\/uploads\/2025\/09\/anker-solix-x1-h10k-t-dreiphasig-10-kw-10-kwh.jpg\" alt=\"\" class=\"wp-image-1520\" width=\"537\" height=\"537\" srcset=\"https:\/\/lago-architekten.ch\/wp-content\/uploads\/2025\/09\/anker-solix-x1-h10k-t-dreiphasig-10-kw-10-kwh.jpg 1000w, https:\/\/lago-architekten.ch\/wp-content\/uploads\/2025\/09\/anker-solix-x1-h10k-t-dreiphasig-10-kw-10-kwh-400x400.jpg 400w, https:\/\/lago-architekten.ch\/wp-content\/uploads\/2025\/09\/anker-solix-x1-h10k-t-dreiphasig-10-kw-10-kwh-200x200.jpg 200w, https:\/\/lago-architekten.ch\/wp-content\/uploads\/2025\/09\/anker-solix-x1-h10k-t-dreiphasig-10-kw-10-kwh-768x768.jpg 768w, https:\/\/lago-architekten.ch\/wp-content\/uploads\/2025\/09\/anker-solix-x1-h10k-t-dreiphasig-10-kw-10-kwh-12x12.jpg 12w, https:\/\/lago-architekten.ch\/wp-content\/uploads\/2025\/09\/anker-solix-x1-h10k-t-dreiphasig-10-kw-10-kwh-80x80.jpg 80w, https:\/\/lago-architekten.ch\/wp-content\/uploads\/2025\/09\/anker-solix-x1-h10k-t-dreiphasig-10-kw-10-kwh-320x320.jpg 320w\" sizes=\"(max-width: 537px) 100vw, 537px\" \/><\/a><figcaption>zuverl\u00e4ssig, leistungsstark und vielfach bew\u00e4hrt<\/figcaption><\/figure>\n\n\n\n<p>clevere SOLAR-BATTERIE-SPEICHER &#8211; Sonderaktion &#8211; Wettinger Messe 2025 &#8211; vielen Dank f\u00fcr Ihren Besuch<\/p>\n\n\n\n<p class=\"has-pale-cyan-blue-background-color has-background has-medium-font-size\"><strong>Wir bieten Ihnen den kompletten Service f\u00fcr Solar-Anlagen an.<\/strong><br><br>&#8211; Beratung zu Ihrem Energiemanagement<br>&#8211; Offerten f\u00fcr Solaranlagen und Auswahl des Batteriespeichers<br>&#8211; Planung, Realisierung und Projektleitung<br>&#8211; inkl. aller Anmeldeformalit\u00e4ten an die zust\u00e4ndigen \u00c4mter<br>&#8211; Antrag an die F\u00f6rderstellen von Photovoltaikanlagen (<a href=\"http:\/\/www.pronovo.ch\">Pronovo<\/a>)<\/p>\n\n\n\n<ul class=\"has-pale-cyan-blue-background-color has-background has-medium-font-size\"><li>PV-Anlagen f\u00fcr Einfamilienh\u00e4user, Mehrfamilienh\u00e4user, landwirtschaftliche Geb\u00e4ude und Industriegeb\u00e4ude<\/li><li>Fassadenverkleidung mit Photovoltaik<\/li><li>SOLAR-Doppel-Carports | Carport-Parks<\/li><li>PV-Anlagen speziel f\u00fcr landwirtschaftlich Geb\u00e4ude<\/li><li>und viele weitere technische L\u00f6sungen<\/li><\/ul>\n\n\n\n<div class=\"wp-container-2 wp-block-columns\">\n<div class=\"wp-container-1 wp-block-column\" style=\"flex-basis:100%\">\n<figure class=\"wp-block-image size-full\"><img loading=\"lazy\" width=\"953\" height=\"356\" src=\"http:\/\/lago-architekten.ch\/wp-content\/uploads\/2025\/09\/prozentanteil_vom_maximalen_ertrag_in_abhaengigkeit_der_ausrichtung_und_der_dachneigung.jpg\" alt=\"\" class=\"wp-image-1518\" srcset=\"https:\/\/lago-architekten.ch\/wp-content\/uploads\/2025\/09\/prozentanteil_vom_maximalen_ertrag_in_abhaengigkeit_der_ausrichtung_und_der_dachneigung.jpg 953w, https:\/\/lago-architekten.ch\/wp-content\/uploads\/2025\/09\/prozentanteil_vom_maximalen_ertrag_in_abhaengigkeit_der_ausrichtung_und_der_dachneigung-400x149.jpg 400w, https:\/\/lago-architekten.ch\/wp-content\/uploads\/2025\/09\/prozentanteil_vom_maximalen_ertrag_in_abhaengigkeit_der_ausrichtung_und_der_dachneigung-768x287.jpg 768w, https:\/\/lago-architekten.ch\/wp-content\/uploads\/2025\/09\/prozentanteil_vom_maximalen_ertrag_in_abhaengigkeit_der_ausrichtung_und_der_dachneigung-18x7.jpg 18w\" sizes=\"(max-width: 953px) 100vw, 953px\" \/><\/figure>\n<\/div>\n<\/div>\n\n\n\n<p>Die Solarenergie boomt. Letzte Woche&nbsp;ver\u00f6ffentlichte das Bundesamt f\u00fcr Energie, dass der Photovoltaik-Zubau gegen\u00fcber dem Vorjahr um 43 Prozent gestiegen ist. Solarpanels decken mittlerweile mehr als sechs Prozent des Schweizer Strombedarfs.<\/p>\n\n\n\n<p>Gr\u00fcnde f\u00fcr den Solarboom gibt es viele: Die drohende Strommangellage, den Klimawandel, Corona und der Krieg in der Ukraine, welcher die Angst vor einer Energiekrise in neue Sph\u00e4ren steigen l\u00e4sst. Mit Solarpanels auf dem Dach lassen sich viele dieser Sorgen bereinigen.<\/p>\n\n\n\n<p>\u00c4hnlich klingt es bei Swissolar, dem Schweizerischen Fachverband f\u00fcr Sonnenenergie. \u00abEs herrscht ein gewaltiger Boom durch alle Segmente. Von Einfamilienh\u00e4usern bis zu Industrie- und Gewerbebauten, alle wollen Solaranlagen auf dem Dach haben\u00bb, sagt Gesch\u00e4ftsleiter David Stickelberger. \u00abViele haben Angst vor einer Energieknappheit.\u00bb<\/p>\n\n\n\n<p>Dies best\u00e4tigen auch Zahlen der Unternehmensgruppe Competec, zu der auch der Onlineshop brack.ch geh\u00f6rt. So h\u00e4tten kurz nach Beginn des Kriegs die Ums\u00e4tze mit Solaranlagen&nbsp;um das Zehnfache zugenommen.<\/p>\n\n\n\n<h3>Solarmodule auf dem Dach, aber kein Strom im Netz<\/h3>\n\n\n\n<p>Die hohe Nachfrage ist erfreulich, setzt der&nbsp;Bundesrat&nbsp;mit der Energiestrategie 2050 doch auf einen massiven Ausbau der Solarenergie. Das Problem liegt auf der Angebotsseite: Die Auftragsb\u00fccher hiesiger Solarinstallateure werden immer voller, und es entstehen lange Wartezeiten. <\/p>\n\n\n\n<p>Bei LAGO SOLAR werden Sie speditiv beraten und erhalten eine auf Ihre Situation massgeschneiderte Offerte. Auf den Installationsstart Ihrer Solar-Anlage brauchen Sie bei uns max. zwei Monate warten.<\/p>\n\n\n\n<p class=\"has-black-color has-text-color\">F\u00fcr uns ist klar, wo die Probleme liegen: Es fehlt an Personal und an Material. Wichtige Komponenten wie Wechselrichter sind Mangelware, die Wartezeiten daf\u00fcr lang. Die Ger\u00e4te sind n\u00f6tig, um elektrische Spannung umzuwandeln. Doch sie stecken in&nbsp;China&nbsp;fest. Globale Frachtkapazit\u00e4ten sind \u00fcberlastet. Die gesteigerte Nachfrage bringt das Fass nun zum \u00fcberlaufen.<\/p>\n\n\n\n<p>Bei der Energiewendegenossenschaften rechnet man derzeit mit mehr als einem Jahr Wartezeit f\u00fcr die Solaranlage.<\/p>\n\n\n\n<p>Gegen den Personalmangel soll nun mit einer ganzen Palette an Massnahmen angek\u00e4mpft werden. Es gibt Quereinsteigerkurse und ab 2024 eine neu geschaffene Berufslehre f\u00fcr Solarteure. Diese werde drei Jahre dauern. Parallel dazu wird eine einj\u00e4hrige Zusatzlehre angeboten f\u00fcr Personen aus dem Umfeld des Geb\u00e4udeh\u00fcllenbereichs. Das w\u00e4ren unter anderem Dachdecker, Fassadenbauer, Ger\u00fcstbauer oder Spengler.<\/p>\n\n\n\n<p>Der Gesch\u00e4ftsf\u00fchrer von CH-Solar l\u00e4sst jedoch durchblicken, dass man sich auch in Zukunft mit l\u00e4ngeren Wartezeiten abfinden m\u00fcsse. &#8222;Es ist nun mal die neue Realit\u00e4t, dass alles ein wenig l\u00e4nger dauert.&#8220;<\/p>\n\n\n\n<p class=\"has-text-align-right has-small-font-size\"><a href=\"https:\/\/lago-architekten.ch\/en\/\">zur Startseite<\/a><\/p>","protected":false},"excerpt":{"rendered":"<p>Energiemanagement mit Nachhaltigkeit clevere SOLAR-BATTERIE-SPEICHER &#8211; Sonderaktion &#8211; Wettinger Messe 2025 &#8211; vielen Dank f\u00fcr Ihren Besuch Wir bieten Ihnen den kompletten Service f\u00fcr Solar-Anlagen an. &#8211; Beratung zu Ihrem Energiemanagement&#8211; Offerten f\u00fcr Solaranlagen&#46;&#46;&#46;<\/p>","protected":false},"author":2,"featured_media":0,"parent":0,"menu_order":0,"comment_status":"closed","ping_status":"closed","template":"","meta":[],"_links":{"self":[{"href":"https:\/\/lago-architekten.ch\/en\/wp-json\/wp\/v2\/pages\/918"}],"collection":[{"href":"https:\/\/lago-architekten.ch\/en\/wp-json\/wp\/v2\/pages"}],"about":[{"href":"https:\/\/lago-architekten.ch\/en\/wp-json\/wp\/v2\/types\/page"}],"author":[{"embeddable":true,"href":"https:\/\/lago-architekten.ch\/en\/wp-json\/wp\/v2\/users\/2"}],"replies":[{"embeddable":true,"href":"https:\/\/lago-architekten.ch\/en\/wp-json\/wp\/v2\/comments?post=918"}],"version-history":[{"count":25,"href":"https:\/\/lago-architekten.ch\/en\/wp-json\/wp\/v2\/pages\/918\/revisions"}],"predecessor-version":[{"id":1522,"href":"https:\/\/lago-architekten.ch\/en\/wp-json\/wp\/v2\/pages\/918\/revisions\/1522"}],"wp:attachment":[{"href":"https:\/\/lago-architekten.ch\/en\/wp-json\/wp\/v2\/media?parent=918"}],"curies":[{"name":"wp","href":"https:\/\/api.w.org\/{rel}","templated":true}]}}