{"id":921,"date":"2022-08-12T11:43:34","date_gmt":"2022-08-12T09:43:34","guid":{"rendered":"http:\/\/lago-architekten.ch\/?page_id=921"},"modified":"2022-10-10T20:51:49","modified_gmt":"2022-10-10T18:51:49","slug":"aufmass","status":"publish","type":"page","link":"https:\/\/lago-architekten.ch\/en\/aufmass\/","title":{"rendered":"AUFMASS"},"content":{"rendered":"<p style=\"font-size:18px\"><strong>ALL-IN-ONE-3D-SCANNING und Realit\u00e4tserfassung f\u00fcr Architekten<\/strong><\/p>\n\n\n\n<p style=\"font-size:16px\">In der Immobilienwirtschaft geh\u00f6rt der Einsatz von virtuellen Rundg\u00e4ngen l\u00e4ngst zum Arbeitsalltag und nun begeistern sich auch Architekten und Nutzer in vielen anderen Branchen f\u00fcr die Technik. 3D-Modelle bieten entscheidende Vorteile in der Dokumentation und der Erfassung von Bestandsobjekten und erlauben eine effektive Arbeit im Team etwa durch einen vereinfachten Datenaustausch. Die innovative und einzigartige Scantechnik und Realit\u00e4tserfassung von Matterport eignet sich hervorragend f\u00fcr diesen anspruchsvollen Einsatz.<\/p>\n\n\n\n<p style=\"font-size:18px\"><strong>3D-Rundg\u00e4nge richten sich an Architekten, Ingenieure und Bautr\u00e4ger<\/strong><\/p>\n\n\n\n<p style=\"font-size:16px\">Moderne Technik erm\u00f6glicht eine realit\u00e4tsgetreue Visualisierung. Der Anwender glaubt, den Raum wirklich zu betreten.&nbsp;Matterport&nbsp;nutzt hierf\u00fcr RGB-Kameras und kombiniert diese mit Infrarot-Sensoren f\u00fcr die Tiefenerfassung. Setzt der Ingenieur oder Architekt die VR-Brille auf, durchschreitet er das Panorama Raum f\u00fcr Raum oder betrachtet das gesamte Objekt von au\u00dfen wie eine Art Puppenhaus. Die Betrachtung von Geb\u00e4uden ger\u00e4t damit zum Erlebnis.<\/p>\n\n\n\n<p style=\"font-size:18px\"><strong>Die Vorz\u00fcge im Vergleich zu anderen Scantechniken<\/strong><\/p>\n\n\n\n<p style=\"font-size:16px\">Die Kameraerfassung von&nbsp;Matterport konkurriert mit anderen Technologien wie dem 3D-Laser-Scanning oder der Erfassung per Handscanner. Mit einem einfachen Handscanner ist nicht die umfassende Scanleistung erreichbar, die Matterport mit seiner Technologie bietet. Laserscanner wiederum arbeiten langsamer als die 3D-Kameras. Die L\u00f6sung von Matterport erfasst immersive 3D-Modelle von Baustellen und h\u00e4lt vielf\u00e4ltige Exportm\u00f6glichkeiten.<\/p>\n\n\n\n<p style=\"font-size:16px\">Wir bieten Ihnen einen schnellen und vollst\u00e4ndigen 3D-Laserscan f\u00fcr Ihr Geb\u00e4ude an. Unsere moderne Kamera erfasst Ihre Baustelle oder R\u00e4umlichkeit und berechnet automatisch ein vollst\u00e4ndiges 3D-Modell. Diese Daten k\u00f6nnen Sie nutzen um Ihr 3D-Modell zu teilen, zu kommentieren oder es in eine Punktwolke f\u00fcr&nbsp;Autodesk ReCap\u00ae oder Revit\u00ae zu exportieren!<\/p>\n\n\n\n<figure class=\"wp-block-image\"><img src=\"https:\/\/image.jimcdn.com\/app\/cms\/image\/transf\/dimension=2048x2048:format=png\/path\/s664758d00f74c761\/image\/i35012f5b319fb239\/version\/1616845914\/image.png\" alt=\"\"\/><\/figure>\n\n\n\n<figure class=\"wp-block-image\"><a href=\"javascript:\"><img src=\"https:\/\/image.jimcdn.com\/app\/cms\/image\/transf\/dimension=2048x2048:format=png\/path\/s664758d00f74c761\/image\/ib4e33ca92a8a588a\/version\/1616845914\/image.png\" alt=\"\"\/><\/a><\/figure>\n\n\n\n<figure class=\"wp-block-image\"><a href=\"javascript:\"><img src=\"https:\/\/image.jimcdn.com\/app\/cms\/image\/transf\/dimension=2048x2048:format=png\/path\/s664758d00f74c761\/image\/i03cc27e8117ec722\/version\/1616845914\/image.png\" alt=\"\"\/><\/a><\/figure>\n\n\n\n<figure class=\"wp-block-image\"><a href=\"javascript:\"><img src=\"https:\/\/image.jimcdn.com\/app\/cms\/image\/transf\/dimension=2048x2048:format=png\/path\/s664758d00f74c761\/image\/ie16a8f330e488c95\/version\/1616845914\/image.png\" alt=\"\"\/><\/a><\/figure>\n\n\n\n<figure class=\"wp-block-image\"><a href=\"javascript:\"><img src=\"https:\/\/image.jimcdn.com\/app\/cms\/image\/transf\/dimension=2048x2048:format=png\/path\/s664758d00f74c761\/image\/i35012f5b319fb239\/version\/1616845914\/image.png\" alt=\"\"\/><\/a><\/figure>\n\n\n\n<figure class=\"wp-block-image\"><a href=\"javascript:\"><img src=\"https:\/\/image.jimcdn.com\/app\/cms\/image\/transf\/dimension=2048x2048:format=png\/path\/s664758d00f74c761\/image\/ib4e33ca92a8a588a\/version\/1616845914\/image.png\" alt=\"\"\/><\/a><\/figure>\n\n\n\n<p><a href=\"https:\/\/www.sabitzer-media.ch\/leistungen\/all-in-one-3d-scanning-und-realit%C3%A4tserfassung-f%C3%BCr-architekten\/\"><\/a><a href=\"https:\/\/www.sabitzer-media.ch\/leistungen\/all-in-one-3d-scanning-und-realit%C3%A4tserfassung-f%C3%BCr-architekten\/\"><\/a><a href=\"https:\/\/www.sabitzer-media.ch\/leistungen\/all-in-one-3d-scanning-und-realit%C3%A4tserfassung-f%C3%BCr-architekten\/\"><\/a><\/p>\n\n\n\n<ul style=\"font-size:16px\"><li><a href=\"javascript:\"><\/a><a href=\"https:\/\/www.sabitzer-media.ch\/app\/download\/11463598794\/Property-Floor-Plans.pdf?t=1619459835\"><\/a>Download Beispiel Schematische Grundriss<\/li><li>Die Grundrisse werden f\u00fcr Sie aus den 3 D Aufnahmen generiert und auf Wunsch mit folgenden Inhalten.<\/li><li>Abmessungen (Ma\u00dfe) einzelner R\u00e4ume<\/li><li>llustrationen von Immobilien Merkmalen<\/li><li>Brutto-Innenfl\u00e4cheProperty-Floor-Plans.pdfAdobe Acrobat Dokument&nbsp;243.9 KB<\/li><\/ul>\n\n\n\n<p>BEISPIEL: <a href=\"https:\/\/www.sabitzer-media.ch\/app\/download\/11463598794\/Property-Floor-Plans.pdf?t=1619459835\">Download<\/a><\/p>\n\n\n\n<h3 id=\"cc-m-header-11463566394\"><strong>Schnelle Scans<\/strong><\/h3>\n\n\n\n<p>Wir k\u00f6nnen Ihre Immobilie schnell und genau Erfassen. Dieses sparrt Ihnen Kosten, Arbeitszeit und bindet keinen Ihrer Mitarbeiter.<\/p>\n\n\n\n<h3 id=\"cc-m-header-11463566494\"><strong>99 % Genauigkeit<\/strong><\/h3>\n\n\n\n<p>Unsere Scans haben eine Genauigkeit von 99 % und sind dadurch sehr gut geeignet f\u00fcr Bestandsobjekte oder Baudokumentationen.<\/p>\n\n\n\n<h3 id=\"cc-m-header-11463566594\"><strong>3D-Baudokumentation<\/strong><\/h3>\n\n\n\n<p>Mit unsern Scans bietet wir Ihnen alles, was Sie f\u00fcr die Dokumentation Ihres Bauvorhabens ben\u00f6tigen. Somit k\u00f6nnen Sie Ihr Bauvorhaben perfekt begleiten.&nbsp;<\/p>\n\n\n\n<p class=\"has-text-align-right has-small-font-size\"><a href=\"http:\/\/lago-architekten.ch\/en\/scan-leistungen\/\">scan Leistung<\/a><\/p>\n\n\n\n<p class=\"has-text-align-right has-small-font-size\"><a href=\"https:\/\/lago-architekten.ch\/en\/\">zur\u00fcck zur Startseite<\/a><\/p>","protected":false},"excerpt":{"rendered":"<p>ALL-IN-ONE-3D-SCANNING und Realit\u00e4tserfassung f\u00fcr Architekten In der Immobilienwirtschaft geh\u00f6rt der Einsatz von virtuellen Rundg\u00e4ngen l\u00e4ngst zum Arbeitsalltag und nun begeistern sich auch Architekten und Nutzer in vielen anderen Branchen f\u00fcr die Technik. 3D-Modelle bieten&#46;&#46;&#46;<\/p>","protected":false},"author":2,"featured_media":0,"parent":0,"menu_order":0,"comment_status":"closed","ping_status":"closed","template":"","meta":[],"_links":{"self":[{"href":"https:\/\/lago-architekten.ch\/en\/wp-json\/wp\/v2\/pages\/921"}],"collection":[{"href":"https:\/\/lago-architekten.ch\/en\/wp-json\/wp\/v2\/pages"}],"about":[{"href":"https:\/\/lago-architekten.ch\/en\/wp-json\/wp\/v2\/types\/page"}],"author":[{"embeddable":true,"href":"https:\/\/lago-architekten.ch\/en\/wp-json\/wp\/v2\/users\/2"}],"replies":[{"embeddable":true,"href":"https:\/\/lago-architekten.ch\/en\/wp-json\/wp\/v2\/comments?post=921"}],"version-history":[{"count":7,"href":"https:\/\/lago-architekten.ch\/en\/wp-json\/wp\/v2\/pages\/921\/revisions"}],"predecessor-version":[{"id":1305,"href":"https:\/\/lago-architekten.ch\/en\/wp-json\/wp\/v2\/pages\/921\/revisions\/1305"}],"wp:attachment":[{"href":"https:\/\/lago-architekten.ch\/en\/wp-json\/wp\/v2\/media?parent=921"}],"curies":[{"name":"wp","href":"https:\/\/api.w.org\/{rel}","templated":true}]}}